{"id":1131,"date":"2020-07-12T16:03:14","date_gmt":"2020-07-12T14:03:14","guid":{"rendered":"https:\/\/getsegway.hu\/szerezd-meg-a-segway-tours-budapestet\/"},"modified":"2022-10-29T18:29:30","modified_gmt":"2022-10-29T16:29:30","slug":"szerezd-meg-a-segway-tours-budapestet","status":"publish","type":"page","link":"https:\/\/getsegway.hu\/hu\/","title":{"rendered":"GetSegway &#8211; Segway PT \u00e9s eBike Tours Budapesten"},"content":{"rendered":"<div class=\"wpb-content-wrapper\"><p>[vc_row][vc_column][vc_raw_html]PGRpdiBjbGFzcz0iYmxvY2staGVhZC13cmFwcGVyIj48aDQgY2xhc3M9ImJsb2NrLWhlYWQgYmxvY2staGVhZC0tY3VzdG9tIj5TZWd3YXkgVMO6csOhazwvaDQ+PC9kaXY+[\/vc_raw_html]\n\t<section class=\"cf block ts_slider  vc_custom_1600859915903\" data-id=\"p-1\">\n\t\n\t\t\t\t\n\t\t<div class=\"block-content\">\n\t\t\t\n\t<section class=\"common-slider carousel-slider ts-contain\">\n\t<div class=\"wrap\">\n\t\t<div class=\"slides tour-slides tour-slides--5\" data-slider=\"carousel\" data-autoplay=\"1\" data-speed=\"2000\" data-parallax>\n\t\t\n\t\t\t\n                \t\t\n\t\t\t\t<div class=\"item common-slider-tour-item\">\n\n\t\t\t\t\t<a href=\"https:\/\/getsegway.hu\/hu\/segway-tours-hu\/budai-var-es-pesti-kozpont-a-segway-en\/\" class=\"image-link media-ratio ratio-1-1\"><img loading=\"lazy\" decoding=\"async\" width=\"370\" height=\"370\" src=\"https:\/\/getsegway.hu\/wp-content\/uploads\/2020\/07\/national-galerie-budapest-768x512.jpg\" class=\"attachment-cheerup-768 size-cheerup-768 wp-post-image\" alt=\"Budapest parlamant on segway tour\" sizes=\"auto, (max-width: 370px) 100vw, 370px\" title=\"Budai v\u00e1r \u00e9s Pesti k\u00f6zpont a Segway-en\" srcset=\"https:\/\/getsegway.hu\/wp-content\/uploads\/2020\/07\/national-galerie-budapest-768x512.jpg 768w, https:\/\/getsegway.hu\/wp-content\/uploads\/2020\/07\/national-galerie-budapest-1024x683.jpg 1024w, https:\/\/getsegway.hu\/wp-content\/uploads\/2020\/07\/national-galerie-budapest-1536x1024.jpg 1536w, https:\/\/getsegway.hu\/wp-content\/uploads\/2020\/07\/national-galerie-budapest-450x300.jpg 450w, https:\/\/getsegway.hu\/wp-content\/uploads\/2020\/07\/national-galerie-budapest-1170x780.jpg 1170w, https:\/\/getsegway.hu\/wp-content\/uploads\/2020\/07\/national-galerie-budapest.jpg 1920w\" \/><\/a>\n                    \t\t\t\t\t\n\t\t\t\t\t<div class=\"overlay cf\">\n\n<!--\t\t\t\t\t\t-->                        <span class=\"category\">Segway Tours<\/span>\n\t\t\t\t\t\t\t\n\t\t\t\t\t\t<h2 class=\"heading\"><a href=\"https:\/\/getsegway.hu\/hu\/segway-tours-hu\/budai-var-es-pesti-kozpont-a-segway-en\/\">Budai v\u00e1r \u00e9s Pesti k\u00f6zpont a Segway-en<\/a><\/h2>\n\n                        <div class=\"common-slider-tour-meta\"><div class=\"common-slider-tour-meta__item\"><span class=\"common-slider-tour-meta__meta\">Id\u0151tartam: <\/span><span class=\"common-slider-tour-meta__value\">120 perc<\/span><\/div><div class=\"common-slider-tour-meta__item\"><span class=\"common-slider-tour-meta__meta\">\u00datmutat\u00f3 nyelve: <\/span><span class=\"common-slider-tour-meta__value\">EN, DE, ES, RU<\/span><\/div><div class=\"common-slider-tour-meta__item\"><span class=\"common-slider-tour-meta__meta\">\u00c1ra: <\/span><span class=\"common-slider-tour-meta__value\">55 \u20ac <\/span><\/div><\/div>\t\t\t\t\t\t\n\t\t\t\t\t<\/div>\n\t\t\t\t\t\n\t\t\t\t<\/div>\n\t\t\t\t\n\t\t\t\n                \t\t\n\t\t\t\t<div class=\"item common-slider-tour-item\">\n\n\t\t\t\t\t<a href=\"https:\/\/getsegway.hu\/hu\/segway-tours-hu\/seta-pesten-segway-en\/\" class=\"image-link media-ratio ratio-1-1\"><img loading=\"lazy\" decoding=\"async\" width=\"370\" height=\"370\" src=\"https:\/\/getsegway.hu\/wp-content\/uploads\/2020\/07\/budapest-parliament-segways-768x512.jpg\" class=\"attachment-cheerup-768 size-cheerup-768 wp-post-image\" alt=\"\" sizes=\"auto, (max-width: 370px) 100vw, 370px\" title=\"S\u00e9ta Pesten Segway-en\" srcset=\"https:\/\/getsegway.hu\/wp-content\/uploads\/2020\/07\/budapest-parliament-segways-768x512.jpg 768w, https:\/\/getsegway.hu\/wp-content\/uploads\/2020\/07\/budapest-parliament-segways-1024x683.jpg 1024w, https:\/\/getsegway.hu\/wp-content\/uploads\/2020\/07\/budapest-parliament-segways-1536x1024.jpg 1536w, https:\/\/getsegway.hu\/wp-content\/uploads\/2020\/07\/budapest-parliament-segways-450x300.jpg 450w, https:\/\/getsegway.hu\/wp-content\/uploads\/2020\/07\/budapest-parliament-segways-1170x780.jpg 1170w, https:\/\/getsegway.hu\/wp-content\/uploads\/2020\/07\/budapest-parliament-segways.jpg 1920w\"><\/a>\n                    \t\t\t\t\t\n\t\t\t\t\t<div class=\"overlay cf\">\n\n<!--\t\t\t\t\t\t-->                        <span class=\"category\">Segway Tours<\/span>\n\t\t\t\t\t\t\t\n\t\t\t\t\t\t<h2 class=\"heading\"><a href=\"https:\/\/getsegway.hu\/hu\/segway-tours-hu\/seta-pesten-segway-en\/\">S\u00e9ta Pesten Segway-en<\/a><\/h2>\n\n                        <div class=\"common-slider-tour-meta\"><div class=\"common-slider-tour-meta__item\"><span class=\"common-slider-tour-meta__meta\">Id\u0151tartam: <\/span><span class=\"common-slider-tour-meta__value\">60 perc<\/span><\/div><div class=\"common-slider-tour-meta__item\"><span class=\"common-slider-tour-meta__meta\">\u00datmutat\u00f3 nyelve: <\/span><span class=\"common-slider-tour-meta__value\">EN, DE, ES, RU<\/span><\/div><div class=\"common-slider-tour-meta__item\"><span class=\"common-slider-tour-meta__meta\">\u00c1ra: <\/span><span class=\"common-slider-tour-meta__value\">35 \u20ac<\/span><\/div><\/div>\t\t\t\t\t\t\n\t\t\t\t\t<\/div>\n\t\t\t\t\t\n\t\t\t\t<\/div>\n\t\t\t\t\n\t\t\t\n                \t\t\n\t\t\t\t<div class=\"item common-slider-tour-item\">\n\n\t\t\t\t\t<a href=\"https:\/\/getsegway.hu\/hu\/segway-tours-hu\/gellert-hegy-budapest-citadellaja-segway-en\/\" class=\"image-link media-ratio ratio-1-1\"><img loading=\"lazy\" decoding=\"async\" width=\"370\" height=\"370\" src=\"https:\/\/getsegway.hu\/wp-content\/uploads\/2020\/07\/liberty-statue-budapest-768x512.jpg\" class=\"attachment-cheerup-768 size-cheerup-768 wp-post-image\" alt=\"\" sizes=\"auto, (max-width: 370px) 100vw, 370px\" title=\"Gell\u00e9rt-hegy-Budapest Citadell\u00e1ja segway-en\" srcset=\"https:\/\/getsegway.hu\/wp-content\/uploads\/2020\/07\/liberty-statue-budapest-768x512.jpg 768w, https:\/\/getsegway.hu\/wp-content\/uploads\/2020\/07\/liberty-statue-budapest-1024x683.jpg 1024w, https:\/\/getsegway.hu\/wp-content\/uploads\/2020\/07\/liberty-statue-budapest-1536x1024.jpg 1536w, https:\/\/getsegway.hu\/wp-content\/uploads\/2020\/07\/liberty-statue-budapest-450x300.jpg 450w, https:\/\/getsegway.hu\/wp-content\/uploads\/2020\/07\/liberty-statue-budapest-1170x780.jpg 1170w, https:\/\/getsegway.hu\/wp-content\/uploads\/2020\/07\/liberty-statue-budapest.jpg 1920w\"><\/a>\n                    \t\t\t\t\t\n\t\t\t\t\t<div class=\"overlay cf\">\n\n<!--\t\t\t\t\t\t-->                        <span class=\"category\">Segway Tours<\/span>\n\t\t\t\t\t\t\t\n\t\t\t\t\t\t<h2 class=\"heading\"><a href=\"https:\/\/getsegway.hu\/hu\/segway-tours-hu\/gellert-hegy-budapest-citadellaja-segway-en\/\">Gell\u00e9rt-hegy-Budapest Citadell\u00e1ja segway-en<\/a><\/h2>\n\n                        <div class=\"common-slider-tour-meta\"><div class=\"common-slider-tour-meta__item\"><span class=\"common-slider-tour-meta__meta\">Id\u0151tartam: <\/span><span class=\"common-slider-tour-meta__value\">90 perc<\/span><\/div><div class=\"common-slider-tour-meta__item\"><span class=\"common-slider-tour-meta__meta\">\u00datmutat\u00f3 nyelve: <\/span><span class=\"common-slider-tour-meta__value\">EN, DE, ES, RU<\/span><\/div><div class=\"common-slider-tour-meta__item\"><span class=\"common-slider-tour-meta__meta\">\u00c1ra: <\/span><span class=\"common-slider-tour-meta__value\">45 \u20ac<\/span><\/div><\/div>\t\t\t\t\t\t\n\t\t\t\t\t<\/div>\n\t\t\t\t\t\n\t\t\t\t<\/div>\n\t\t\t\t\n\t\t\t\n                \t\t\n\t\t\t\t<div class=\"item common-slider-tour-item\">\n\n\t\t\t\t\t<a href=\"https:\/\/getsegway.hu\/hu\/segway-tours-hu\/segway-el-a-margitszigetre\/\" class=\"image-link media-ratio ratio-1-1\"><img loading=\"lazy\" decoding=\"async\" width=\"370\" height=\"370\" src=\"https:\/\/getsegway.hu\/wp-content\/uploads\/2020\/07\/margit-island-segway-768x513.jpg\" class=\"attachment-cheerup-768 size-cheerup-768 wp-post-image\" alt=\"Margit island segway tour\" sizes=\"auto, (max-width: 370px) 100vw, 370px\" title=\"Segway-el a Margitszigetre!\" srcset=\"https:\/\/getsegway.hu\/wp-content\/uploads\/2020\/07\/margit-island-segway-768x513.jpg 768w, https:\/\/getsegway.hu\/wp-content\/uploads\/2020\/07\/margit-island-segway-1024x684.jpg 1024w, https:\/\/getsegway.hu\/wp-content\/uploads\/2020\/07\/margit-island-segway-1536x1025.jpg 1536w, https:\/\/getsegway.hu\/wp-content\/uploads\/2020\/07\/margit-island-segway-450x300.jpg 450w, https:\/\/getsegway.hu\/wp-content\/uploads\/2020\/07\/margit-island-segway-1170x781.jpg 1170w, https:\/\/getsegway.hu\/wp-content\/uploads\/2020\/07\/margit-island-segway.jpg 1600w\" \/><\/a>\n                    \t\t\t\t\t\n\t\t\t\t\t<div class=\"overlay cf\">\n\n<!--\t\t\t\t\t\t-->                        <span class=\"category\">Segway Tours<\/span>\n\t\t\t\t\t\t\t\n\t\t\t\t\t\t<h2 class=\"heading\"><a href=\"https:\/\/getsegway.hu\/hu\/segway-tours-hu\/segway-el-a-margitszigetre\/\">Segway-el a Margitszigetre!<\/a><\/h2>\n\n                        <div class=\"common-slider-tour-meta\"><div class=\"common-slider-tour-meta__item\"><span class=\"common-slider-tour-meta__meta\">Id\u0151tartam: <\/span><span class=\"common-slider-tour-meta__value\">90 perc<\/span><\/div><div class=\"common-slider-tour-meta__item\"><span class=\"common-slider-tour-meta__meta\">\u00datmutat\u00f3 nyelve: <\/span><span class=\"common-slider-tour-meta__value\">EN, DE, ES, RU<\/span><\/div><div class=\"common-slider-tour-meta__item\"><span class=\"common-slider-tour-meta__meta\">\u00c1ra: <\/span><span class=\"common-slider-tour-meta__value\">39 \u20ac<\/span><\/div><\/div>\t\t\t\t\t\t\n\t\t\t\t\t<\/div>\n\t\t\t\t\t\n\t\t\t\t<\/div>\n\t\t\t\t\n\t\t\t\n                \t\t\n\t\t\t\t<div class=\"item common-slider-tour-item\">\n\n\t\t\t\t\t<a href=\"https:\/\/getsegway.hu\/hu\/segway-tours-hu\/nagy-segway-tura-budapest-legfontosabb-latnivaloi\/\" class=\"image-link media-ratio ratio-1-1\"><img loading=\"lazy\" decoding=\"async\" width=\"370\" height=\"370\" src=\"https:\/\/getsegway.hu\/wp-content\/uploads\/2020\/07\/budapest-sign-segway-768x512.jpg\" class=\"attachment-cheerup-768 size-cheerup-768 wp-post-image\" alt=\"Budapest sign on Monster bikes\" sizes=\"auto, (max-width: 370px) 100vw, 370px\" title=\"Nagy Segway t\u00fara &#8211; Budapest legfontosabb l\u00e1tn\u00edvaloi\" srcset=\"https:\/\/getsegway.hu\/wp-content\/uploads\/2020\/07\/budapest-sign-segway-768x512.jpg 768w, https:\/\/getsegway.hu\/wp-content\/uploads\/2020\/07\/budapest-sign-segway-1024x683.jpg 1024w, https:\/\/getsegway.hu\/wp-content\/uploads\/2020\/07\/budapest-sign-segway-1536x1024.jpg 1536w, https:\/\/getsegway.hu\/wp-content\/uploads\/2020\/07\/budapest-sign-segway-450x300.jpg 450w, https:\/\/getsegway.hu\/wp-content\/uploads\/2020\/07\/budapest-sign-segway-1170x780.jpg 1170w, https:\/\/getsegway.hu\/wp-content\/uploads\/2020\/07\/budapest-sign-segway.jpg 1920w\" \/><\/a>\n                    \t\t\t\t\t\n\t\t\t\t\t<div class=\"overlay cf\">\n\n<!--\t\t\t\t\t\t-->                        <span class=\"category\">Segway Tours<\/span>\n\t\t\t\t\t\t\t\n\t\t\t\t\t\t<h2 class=\"heading\"><a href=\"https:\/\/getsegway.hu\/hu\/segway-tours-hu\/nagy-segway-tura-budapest-legfontosabb-latnivaloi\/\">Nagy Segway t\u00fara &#8211; Budapest legfontosabb l\u00e1tn\u00edvaloi<\/a><\/h2>\n\n                        <div class=\"common-slider-tour-meta\"><div class=\"common-slider-tour-meta__item\"><span class=\"common-slider-tour-meta__meta\">Id\u0151tartam: <\/span><span class=\"common-slider-tour-meta__value\">180 perc<\/span><\/div><div class=\"common-slider-tour-meta__item\"><span class=\"common-slider-tour-meta__meta\">\u00datmutat\u00f3 nyelve: <\/span><span class=\"common-slider-tour-meta__value\">EN, DE, ES, RU<\/span><\/div><div class=\"common-slider-tour-meta__item\"><span class=\"common-slider-tour-meta__meta\">\u00c1ra: <\/span><span class=\"common-slider-tour-meta__value\">69 \u20ac<\/span><\/div><\/div>\t\t\t\t\t\t\n\t\t\t\t\t<\/div>\n\t\t\t\t\t\n\t\t\t\t<\/div>\n\t\t\t\t\n\t\t\t\t\t<\/div>\n\t<\/div>\n\t<\/section>\n\t\n\t\t\t<\/div>\n\t\n\t<\/section>\n\n[\/vc_column][\/vc_row][vc_row][vc_column][vc_raw_html]PGRpdiBjbGFzcz0iYmxvY2staGVhZC13cmFwcGVyIj48aDQgY2xhc3M9ImJsb2NrLWhlYWQgYmxvY2staGVhZC0tY3VzdG9tIj5Mw6lwamVuIGthcGNzb2xhdGJhIHZlbMO8bms8L2g0PjwvZGl2Pg==[\/vc_raw_html][\/vc_column][\/vc_row][vc_row el_class=&#8221;contact-form-home-wrapper&#8221; css=&#8221;.vc_custom_1584097715531{margin-right: 0px !important;margin-left: 0px !important;border-top-width: 1px !important;border-right-width: 1px !important;border-bottom-width: 1px !important;border-left-width: 1px !important;padding-top: 35px !important;background-color: #f1f1f1 !important;border-left-color: #e0e0e0 !important;border-left-style: solid !important;border-right-color: #e0e0e0 !important;border-right-style: solid !important;border-top-color: #e0e0e0 !important;border-top-style: solid !important;border-bottom-color: #e0e0e0 !important;border-bottom-style: solid !important;border-radius: 3px !important;}&#8221;][vc_column][vc_column_text single_style=&#8221;&#8221;]\n<div class=\"wpcf7 no-js\" id=\"wpcf7-f1258-o1\" lang=\"hu-HU\" dir=\"ltr\" data-wpcf7-id=\"1258\">\n<div class=\"screen-reader-response\"><p role=\"status\" aria-live=\"polite\" aria-atomic=\"true\"><\/p> <ul><\/ul><\/div>\n<form action=\"\/hu\/wp-json\/wp\/v2\/pages\/1131#wpcf7-f1258-o1\" method=\"post\" class=\"wpcf7-form init\" aria-label=\"Kapcsolatfelv\u00e9teli \u0171rlap\" novalidate=\"novalidate\" data-status=\"init\">\n<fieldset class=\"hidden-fields-container\"><input type=\"hidden\" name=\"_wpcf7\" value=\"1258\" \/><input type=\"hidden\" name=\"_wpcf7_version\" value=\"6.1.5\" \/><input type=\"hidden\" name=\"_wpcf7_locale\" value=\"hu_HU\" \/><input type=\"hidden\" name=\"_wpcf7_unit_tag\" value=\"wpcf7-f1258-o1\" \/><input type=\"hidden\" name=\"_wpcf7_container_post\" value=\"0\" \/><input type=\"hidden\" name=\"_wpcf7_posted_data_hash\" value=\"\" \/><input type=\"hidden\" name=\"_wpcf7_recaptcha_response\" value=\"\" \/>\n<\/fieldset>\n<div class=\"contact-form\">\n\t<div class=\"contact-form-control\">\n\t\t<p><span class=\"wpcf7-form-control-wrap\" data-name=\"your-name\"><input size=\"40\" maxlength=\"400\" class=\"wpcf7-form-control wpcf7-text wpcf7-validates-as-required\" aria-required=\"true\" aria-invalid=\"false\" placeholder=\"Teljes n\u00e9v *\" value=\"\" type=\"text\" name=\"your-name\" \/><\/span>\n\t\t<\/p>\n\t<\/div>\n\t<div class=\"contact-form-control\">\n\t\t<p><span class=\"wpcf7-form-control-wrap\" data-name=\"your-email\"><input size=\"40\" maxlength=\"400\" class=\"wpcf7-form-control wpcf7-email wpcf7-validates-as-required wpcf7-text wpcf7-validates-as-email\" aria-required=\"true\" aria-invalid=\"false\" placeholder=\"Email *\" value=\"\" type=\"email\" name=\"your-email\" \/><\/span>\n\t\t<\/p>\n\t<\/div>\n\t<div class=\"contact-form-control\">\n\t\t<p><span class=\"wpcf7-form-control-wrap\" data-name=\"your-phone\"><input size=\"40\" maxlength=\"400\" class=\"wpcf7-form-control wpcf7-text\" aria-invalid=\"false\" placeholder=\"Telefonsz\u00e1m\" value=\"\" type=\"text\" name=\"your-phone\" \/><\/span>\n\t\t<\/p>\n\t<\/div>\n\t<div class=\"contact-form-control contact-form-control--message\">\n\t\t<p><span class=\"wpcf7-form-control-wrap\" data-name=\"your-message\"><textarea cols=\"40\" rows=\"4\" maxlength=\"2000\" class=\"wpcf7-form-control wpcf7-textarea wpcf7-validates-as-required\" aria-required=\"true\" aria-invalid=\"false\" placeholder=\"Az \u00fczeneted *\" name=\"your-message\"><\/textarea><\/span>\n\t\t<\/p>\n\t<\/div>\n\t<div class=\"contact-form-control contact-form-control--submit\">\n\t\t<div class=\"cf7-cf-turnstile\" style=\"margin-top: 0px; margin-bottom: -15px;\"> <div id=\"cf-turnstile-cf7-1663741387\" class=\"cf-turnstile\" data-sitekey=\"0x4AAAAAAAP5No0Db-B9-Wv_\" data-theme=\"light\" data-language=\"auto\" data-size=\"\" data-retry=\"auto\" data-retry-interval=\"1000\" data-refresh-expired=\"auto\" data-action=\"contact-form-7\" data-callback=\"cfturnstileCallback\" data-error-callback=\"cfturnstileErrorCallback\" data-appearance=\"always\"><\/div> <div class=\"cf-turnstile-failed-text cf-turnstile-failed-text-cf7-1663741387\"><\/div> <script> function cfturnstileErrorCallback() { var cfTurnstileFailedText = document.querySelector('.cf-turnstile-failed-text-cf7-1663741387'); cfTurnstileFailedText.innerHTML = '<p><i>Failed to verify you are human. Please contact us if you are having issues.<\/i><\/p>'; } function cfturnstileCallback() { var cfTurnstileFailedText = document.querySelector('.cf-turnstile-failed-text-cf7-1663741387'); cfTurnstileFailedText.innerHTML = ''; } <\/script> <script>document.addEventListener(\"DOMContentLoaded\", function() { setTimeout(function(){ var e=document.getElementById(\"cf-turnstile-cf7-1663741387\"); e&&!e.innerHTML.trim()&&(turnstile.remove(\"#cf-turnstile-cf7-1663741387\"), turnstile.render(\"#cf-turnstile-cf7-1663741387\", {sitekey:\"0x4AAAAAAAP5No0Db-B9-Wv_\"})); }, 100); });<\/script> <br class=\"cf-turnstile-br cf-turnstile-br-cf7-1663741387\"> <style>#cf-turnstile-cf7-1663741387 { margin-left: -15px; }<\/style> <script>document.addEventListener(\"DOMContentLoaded\",function(){document.querySelectorAll('.wpcf7-form').forEach(function(e){e.addEventListener('submit',function(){if(document.getElementById('cf-turnstile-cf7-1663741387')){setTimeout(function(){turnstile.reset('#cf-turnstile-cf7-1663741387');},1000)}})})});<\/script> <\/div><br\/><input class=\"wpcf7-form-control wpcf7-submit has-spinner\" type=\"submit\" value=\"K\u00fcld\" \/>\n\t\t<\/p>\n\t<\/div>\n<\/div><p style=\"display: none !important;\" class=\"akismet-fields-container\" data-prefix=\"_wpcf7_ak_\"><label>&#916;<textarea name=\"_wpcf7_ak_hp_textarea\" cols=\"45\" rows=\"8\" maxlength=\"100\"><\/textarea><\/label><input type=\"hidden\" id=\"ak_js_1\" name=\"_wpcf7_ak_js\" value=\"230\"\/><script>document.getElementById( \"ak_js_1\" ).setAttribute( \"value\", ( new Date() ).getTime() );<\/script><\/p><div class=\"wpcf7-response-output\" aria-hidden=\"true\"><\/div>\n<\/form>\n<\/div>\n[\/vc_column_text][\/vc_column][\/vc_row]<\/p>\n<\/div>","protected":false},"excerpt":{"rendered":"<p>[vc_row][vc_column][vc_raw_html]PGRpdiBjbGFzcz0iYmxvY2staGVhZC13cmFwcGVyIj48aDQgY2xhc3M9ImJsb2NrLWhlYWQgYmxvY2staGVhZC0tY3VzdG9tIj5TZWd3YXkgVMO6csOhazwvaDQ+PC9kaXY+[\/vc_raw_html][\/vc_column][\/vc_row][vc_row][vc_column][vc_raw_html]PGRpdiBjbGFzcz0iYmxvY2staGVhZC13cmFwcGVyIj48aDQgY2xhc3M9ImJsb2NrLWhlYWQgYmxvY2staGVhZC0tY3VzdG9tIj5Mw6lwamVuIGthcGNzb2xhdGJhIHZlbMO8bms8L2g0PjwvZGl2Pg==[\/vc_raw_html][\/vc_column][\/vc_row][vc_row el_class=&#8221;contact-form-home-wrapper&#8221; css=&#8221;.vc_custom_1584097715531{margin-right: 0px !important;margin-left: 0px !important;border-top-width: 1px !important;border-right-width: 1px !important;border-bottom-width: 1px !important;border-left-width: 1px !important;padding-top: 35px !important;background-color: #f1f1f1 !important;border-left-color: #e0e0e0 !important;border-left-style: solid !important;border-right-color: #e0e0e0 !important;border-right-style: solid !important;border-top-color: #e0e0e0 !important;border-top-style: solid !important;border-bottom-color: #e0e0e0 !important;border-bottom-style: solid !important;border-radius: 3px !important;}&#8221;][vc_column][vc_column_text single_style=&#8221;&#8221;][\/vc_column_text][\/vc_column][\/vc_row]<\/p>\n","protected":false},"author":2,"featured_media":0,"parent":0,"menu_order":0,"comment_status":"closed","ping_status":"closed","template":"page-blocks.php","meta":{"_acf_changed":false,"_joinchat":[],"footnotes":""},"class_list":["post-1131","page","type-page","status-publish"],"acf":[],"_links":{"self":[{"href":"https:\/\/getsegway.hu\/hu\/wp-json\/wp\/v2\/pages\/1131","targetHints":{"allow":["GET"]}}],"collection":[{"href":"https:\/\/getsegway.hu\/hu\/wp-json\/wp\/v2\/pages"}],"about":[{"href":"https:\/\/getsegway.hu\/hu\/wp-json\/wp\/v2\/types\/page"}],"author":[{"embeddable":true,"href":"https:\/\/getsegway.hu\/hu\/wp-json\/wp\/v2\/users\/2"}],"replies":[{"embeddable":true,"href":"https:\/\/getsegway.hu\/hu\/wp-json\/wp\/v2\/comments?post=1131"}],"version-history":[{"count":14,"href":"https:\/\/getsegway.hu\/hu\/wp-json\/wp\/v2\/pages\/1131\/revisions"}],"predecessor-version":[{"id":6178,"href":"https:\/\/getsegway.hu\/hu\/wp-json\/wp\/v2\/pages\/1131\/revisions\/6178"}],"wp:attachment":[{"href":"https:\/\/getsegway.hu\/hu\/wp-json\/wp\/v2\/media?parent=1131"}],"curies":[{"name":"wp","href":"https:\/\/api.w.org\/{rel}","templated":true}]}}