{"id":1067,"date":"2020-07-12T16:36:55","date_gmt":"2020-07-12T14:36:55","guid":{"rendered":"https:\/\/getsegway.hu\/kapcsolatok\/"},"modified":"2023-01-23T16:59:51","modified_gmt":"2023-01-23T15:59:51","slug":"kapcsolatok","status":"publish","type":"page","link":"https:\/\/getsegway.hu\/hu\/kapcsolatok\/","title":{"rendered":"Kapcsolatok"},"content":{"rendered":"<div class=\"wpb-content-wrapper\"><p>[vc_row][vc_column][vc_column_text single_style=&#8221;&#8221;]<br \/>\n<u><\/p>\n<h1><strong>Segway t\u00far\u00e1k Budapesten &#8211; Kapcsolatok<\/strong><\/h1>\n<p><\/u><br \/>\n[\/vc_column_text][vc_row_inner][vc_column_inner width=&#8221;1\/2&#8243;][vc_column_text single_style=&#8221;&#8221;]<\/p>\n<h4 style=\"margin-top: 0;\"><strong>A tal\u00e1lkoz\u00e1si pont (irod\u00e1nk):\u00a0<\/strong><\/h4>\n<h5 style=\"margin-bottom: 4px;\">1052 Budapest, Galamb utca 5<\/h5>\n<p><a href=\"https:\/\/goo.gl\/maps\/6SE5ueQTg7wFBNcU8\" target=\"_blank\" rel=\"noreferrer noopener\">C\u00edm megtekint\u00e9se a Google T\u00e9rk\u00e9pen<\/a> \u00bb<br \/>\nA V\u00e1ci utcai KFC-t\u0151l mind\u00f6ssze 30 m\u00e9terre tal\u00e1lhat\u00f3.<\/p>\n<p><strong>Telefon: <a href=\"tel:+3618001945\">+36 1800 1945<\/a><\/strong><br \/>\n<strong>Mobil: <a href=\"tel:+36703098434\">+36 703 098 434<\/a><\/strong><br \/>\n<strong>WhatsApp: <a href=\"https:\/\/wa.me\/36703098434\" target=\"_blank\" rel=\"noreferrer noopener nofollow\">+36 703 098 434<\/a><\/strong><\/p>\n<p>E-mail: <a href=\"mailto:info@getsegway.hu\">info@getsegway.hu<\/a>[\/vc_column_text][\/vc_column_inner][vc_column_inner width=&#8221;1\/2&#8243;][vc_single_image image=&#8221;153&#8243; img_size=&#8221;full&#8221; alignment=&#8221;right&#8221; style=&#8221;vc_box_outline&#8221;][\/vc_column_inner][\/vc_row_inner][vc_row_inner][vc_column_inner width=&#8221;1\/2&#8243;][\/vc_column_inner][vc_column_inner width=&#8221;1\/2&#8243;][\/vc_column_inner][\/vc_row_inner][vc_row_inner][vc_column_inner][vc_column_text single_style=&#8221;&#8221;]<strong>K\u00e9rj\u00fck, vegye figyelembe, hogy a Segway t\u00far\u00e1k 15 perccel t\u00f6bbet kapnak, mint a &#8222;tiszta&#8221; t\u00faraid\u0151. <\/strong>A biztons\u00e1gi oktat\u00e1sra \u00e9s a fel\u00fcgyelt tesztvezet\u00e9sre (ingyenes) plusz id\u0151t biztos\u00edtunk.<\/p>\n<p>Elfogadunk k\u00e9szp\u00e9nzt (HUF, EUR, USD), k\u00e1rty\u00e1kat \u00a0<img loading=\"lazy\" decoding=\"async\" src=\"\/wp-content\/themes\/cheerup-child\/img\/karty.gif\" alt=\"Hitelk\u00e1rty\u00e1k\" width=\"170\" height=\"30\" align=\"absMiddle\" title=\"\"> PayPal kapun \u00e9s PayPal-on kereszt\u00fcl.[\/vc_column_text][\/vc_column_inner][\/vc_row_inner][vc_row_inner][vc_column_inner][vc_custom_heading text=&#8221;Van m\u00e9g k\u00e9rd\u00e9se? K\u00e9rdezzen most:&#8221; google_fonts=&#8221;font_family:Roboto%3A100%2C100italic%2C300%2C300italic%2Cregular%2Citalic%2C500%2C500italic%2C700%2C700italic%2C900%2C900italic|font_style:500%20bold%20regular%3A500%3Anormal&#8221; css=&#8221;.vc_custom_1583080254627{margin-bottom: 20px !important;}&#8221;]\n<div class=\"wpcf7 no-js\" id=\"wpcf7-f1258-o1\" lang=\"hu-HU\" dir=\"ltr\" data-wpcf7-id=\"1258\">\n<div class=\"screen-reader-response\"><p role=\"status\" aria-live=\"polite\" aria-atomic=\"true\"><\/p> <ul><\/ul><\/div>\n<form action=\"\/hu\/wp-json\/wp\/v2\/pages\/1067#wpcf7-f1258-o1\" method=\"post\" class=\"wpcf7-form init\" aria-label=\"Kapcsolatfelv\u00e9teli \u0171rlap\" novalidate=\"novalidate\" data-status=\"init\">\n<fieldset class=\"hidden-fields-container\"><input type=\"hidden\" name=\"_wpcf7\" value=\"1258\" \/><input type=\"hidden\" name=\"_wpcf7_version\" value=\"6.1.5\" \/><input type=\"hidden\" name=\"_wpcf7_locale\" value=\"hu_HU\" \/><input type=\"hidden\" name=\"_wpcf7_unit_tag\" value=\"wpcf7-f1258-o1\" \/><input type=\"hidden\" name=\"_wpcf7_container_post\" value=\"0\" \/><input type=\"hidden\" name=\"_wpcf7_posted_data_hash\" value=\"\" \/><input type=\"hidden\" name=\"_wpcf7_recaptcha_response\" value=\"\" \/>\n<\/fieldset>\n<div class=\"contact-form\">\n\t<div class=\"contact-form-control\">\n\t\t<p><span class=\"wpcf7-form-control-wrap\" data-name=\"your-name\"><input size=\"40\" maxlength=\"400\" class=\"wpcf7-form-control wpcf7-text wpcf7-validates-as-required\" aria-required=\"true\" aria-invalid=\"false\" placeholder=\"Teljes n\u00e9v *\" value=\"\" type=\"text\" name=\"your-name\" \/><\/span>\n\t\t<\/p>\n\t<\/div>\n\t<div class=\"contact-form-control\">\n\t\t<p><span class=\"wpcf7-form-control-wrap\" data-name=\"your-email\"><input size=\"40\" maxlength=\"400\" class=\"wpcf7-form-control wpcf7-email wpcf7-validates-as-required wpcf7-text wpcf7-validates-as-email\" aria-required=\"true\" aria-invalid=\"false\" placeholder=\"Email *\" value=\"\" type=\"email\" name=\"your-email\" \/><\/span>\n\t\t<\/p>\n\t<\/div>\n\t<div class=\"contact-form-control\">\n\t\t<p><span class=\"wpcf7-form-control-wrap\" data-name=\"your-phone\"><input size=\"40\" maxlength=\"400\" class=\"wpcf7-form-control wpcf7-text\" aria-invalid=\"false\" placeholder=\"Telefonsz\u00e1m\" value=\"\" type=\"text\" name=\"your-phone\" \/><\/span>\n\t\t<\/p>\n\t<\/div>\n\t<div class=\"contact-form-control contact-form-control--message\">\n\t\t<p><span class=\"wpcf7-form-control-wrap\" data-name=\"your-message\"><textarea cols=\"40\" rows=\"4\" maxlength=\"2000\" class=\"wpcf7-form-control wpcf7-textarea wpcf7-validates-as-required\" aria-required=\"true\" aria-invalid=\"false\" placeholder=\"Az \u00fczeneted *\" name=\"your-message\"><\/textarea><\/span>\n\t\t<\/p>\n\t<\/div>\n\t<div class=\"contact-form-control contact-form-control--submit\">\n\t\t<div class=\"cf7-cf-turnstile\" style=\"margin-top: 0px; margin-bottom: -15px;\"> <div id=\"cf-turnstile-cf7-2215886532\" class=\"cf-turnstile\" data-sitekey=\"0x4AAAAAAAP5No0Db-B9-Wv_\" data-theme=\"light\" data-language=\"auto\" data-size=\"\" data-retry=\"auto\" data-retry-interval=\"1000\" data-refresh-expired=\"auto\" data-action=\"contact-form-7\" data-callback=\"cfturnstileCallback\" data-error-callback=\"cfturnstileErrorCallback\" data-appearance=\"always\"><\/div> <div class=\"cf-turnstile-failed-text cf-turnstile-failed-text-cf7-2215886532\"><\/div> <script> function cfturnstileErrorCallback() { var cfTurnstileFailedText = document.querySelector('.cf-turnstile-failed-text-cf7-2215886532'); cfTurnstileFailedText.innerHTML = '<p><i>Failed to verify you are human. Please contact us if you are having issues.<\/i><\/p>'; } function cfturnstileCallback() { var cfTurnstileFailedText = document.querySelector('.cf-turnstile-failed-text-cf7-2215886532'); cfTurnstileFailedText.innerHTML = ''; } <\/script> <script>document.addEventListener(\"DOMContentLoaded\", function() { setTimeout(function(){ var e=document.getElementById(\"cf-turnstile-cf7-2215886532\"); e&&!e.innerHTML.trim()&&(turnstile.remove(\"#cf-turnstile-cf7-2215886532\"), turnstile.render(\"#cf-turnstile-cf7-2215886532\", {sitekey:\"0x4AAAAAAAP5No0Db-B9-Wv_\"})); }, 100); });<\/script> <br class=\"cf-turnstile-br cf-turnstile-br-cf7-2215886532\"> <style>#cf-turnstile-cf7-2215886532 { margin-left: -15px; }<\/style> <script>document.addEventListener(\"DOMContentLoaded\",function(){document.querySelectorAll('.wpcf7-form').forEach(function(e){e.addEventListener('submit',function(){if(document.getElementById('cf-turnstile-cf7-2215886532')){setTimeout(function(){turnstile.reset('#cf-turnstile-cf7-2215886532');},1000)}})})});<\/script> <\/div><br\/><input class=\"wpcf7-form-control wpcf7-submit has-spinner\" type=\"submit\" value=\"K\u00fcld\" \/>\n\t\t<\/p>\n\t<\/div>\n<\/div><p style=\"display: none !important;\" class=\"akismet-fields-container\" data-prefix=\"_wpcf7_ak_\"><label>&#916;<textarea name=\"_wpcf7_ak_hp_textarea\" cols=\"45\" rows=\"8\" maxlength=\"100\"><\/textarea><\/label><input type=\"hidden\" id=\"ak_js_1\" name=\"_wpcf7_ak_js\" value=\"198\"\/><script>document.getElementById( \"ak_js_1\" ).setAttribute( \"value\", ( new Date() ).getTime() );<\/script><\/p><div class=\"wpcf7-response-output\" aria-hidden=\"true\"><\/div>\n<\/form>\n<\/div>\n[\/vc_column_inner][\/vc_row_inner][\/vc_column][\/vc_row]<\/p>\n<\/div>","protected":false},"excerpt":{"rendered":"<p>[vc_row][vc_column][vc_column_text single_style=&#8221;&#8221;] Segway t\u00far\u00e1k Budapesten &#8211; Kapcsolatok [\/vc_column_text][vc_row_inner][vc_column_inner width=&#8221;1\/2&#8243;][vc_column_text single_style=&#8221;&#8221;] A tal\u00e1lkoz\u00e1si pont (irod\u00e1nk):\u00a0 1052 Budapest, Galamb utca 5 C\u00edm megtekint\u00e9se a Google T\u00e9rk\u00e9pen \u00bb A V\u00e1ci utcai KFC-t\u0151l mind\u00f6ssze 30 m\u00e9terre tal\u00e1lhat\u00f3. Telefon: +36 1800 1945 Mobil: +36 703 098 434 WhatsApp: +36 703 098 434 E-mail: info@getsegway.hu[\/vc_column_text][\/vc_column_inner][vc_column_inner width=&#8221;1\/2&#8243;][vc_single_image image=&#8221;153&#8243; img_size=&#8221;full&#8221; alignment=&#8221;right&#8221; style=&#8221;vc_box_outline&#8221;][\/vc_column_inner][\/vc_row_inner][vc_row_inner][vc_column_inner width=&#8221;1\/2&#8243;][\/vc_column_inner][vc_column_inner<\/p>\n","protected":false},"author":2,"featured_media":0,"parent":0,"menu_order":0,"comment_status":"closed","ping_status":"closed","template":"page-blocks.php","meta":{"_acf_changed":false,"_joinchat":[],"footnotes":""},"class_list":["post-1067","page","type-page","status-publish"],"acf":[],"_links":{"self":[{"href":"https:\/\/getsegway.hu\/hu\/wp-json\/wp\/v2\/pages\/1067","targetHints":{"allow":["GET"]}}],"collection":[{"href":"https:\/\/getsegway.hu\/hu\/wp-json\/wp\/v2\/pages"}],"about":[{"href":"https:\/\/getsegway.hu\/hu\/wp-json\/wp\/v2\/types\/page"}],"author":[{"embeddable":true,"href":"https:\/\/getsegway.hu\/hu\/wp-json\/wp\/v2\/users\/2"}],"replies":[{"embeddable":true,"href":"https:\/\/getsegway.hu\/hu\/wp-json\/wp\/v2\/comments?post=1067"}],"version-history":[{"count":5,"href":"https:\/\/getsegway.hu\/hu\/wp-json\/wp\/v2\/pages\/1067\/revisions"}],"predecessor-version":[{"id":7228,"href":"https:\/\/getsegway.hu\/hu\/wp-json\/wp\/v2\/pages\/1067\/revisions\/7228"}],"wp:attachment":[{"href":"https:\/\/getsegway.hu\/hu\/wp-json\/wp\/v2\/media?parent=1067"}],"curies":[{"name":"wp","href":"https:\/\/api.w.org\/{rel}","templated":true}]}}