{"id":1042,"date":"2020-07-18T12:52:19","date_gmt":"2020-07-18T12:52:19","guid":{"rendered":"https:\/\/getsegway.hu\/faq\/"},"modified":"2022-10-27T16:07:00","modified_gmt":"2022-10-27T14:07:00","slug":"gyik","status":"publish","type":"page","link":"https:\/\/getsegway.hu\/hu\/gyik\/","title":{"rendered":"GYIK"},"content":{"rendered":"<div class=\"wpb-content-wrapper\"><p>[vc_row][vc_column][vc_toggle title=&#8221;Hol van a tal\u00e1lkoz\u00f3pont a t\u00fara \u00ednd\u00fal\u00e1s\u00e1kor?&#8221; style=&#8221;square_outline&#8221; open=&#8221;true&#8221;]Idegenvezet\u0151je v\u00e1rja a csoport \u00f6sszegy\u0171l\u00e9s\u00e9t a GetSegway \u2122 irod\u00e1j\u00e1ban, a Budapest 1052, Haris k\u00f6z 4. c\u00edm alatt. Ez a KFC-t\u0151l mind\u00f6ssze 30 m\u00e9terre, a f\u0151 V\u00e1ci utc\u00e1n tal\u00e1lhat\u00f3. [\/vc_toggle][vc_toggle title=&#8221;Az idegenvezet\u0151 vezet\u0151 besz\u00e9li az nyelvemet?&#8221; style=&#8221;square_outline&#8221; open=&#8221;true&#8221;]Segway t\u00far\u00e1inkat helyi idegenvezet\u0151k vezetik az al\u00e1bbi nyelveken: angol, n\u00e9met, orosz, spanyol \u00e9s magyar. El\u0151zetes egyeztet\u00e9sn\u00e9l vezethet\u00fcnk t\u00far\u00e1kat francia, arab \u00e9s h\u00e9ber nyelven is.[\/vc_toggle][vc_toggle title=&#8221;Mi a segway t\u00fara r\u00e9sztvev\u0151inek a minim\u00e1lis \u00e9letkora?&#8221; style=&#8221;square_outline&#8221; open=&#8221;true&#8221;]A t\u00fara\u00fatjainkon a segwaj ir\u00e1ny\u00edt\u00e1s\u00e1hoz sz\u00fcks\u00e9ges minim\u00e1lis kor 8 \u00e9v. Term\u00e9szetesen gyermek\u00e9nek meg kell \u00e9rtenie \u00e9s teljes m\u00e9rt\u00e9kben be kell tartania az idegenvezet\u0151 utas\u00edt\u00e1sait \u00e9s aj\u00e1nl\u00e1sait. A 18 \u00e9vesn\u00e9l fiatalabb gyermekeket feln\u0151tt k\u00eds\u00e9ret\u00e9ben kell r\u00e9szes\u00edteni az utaz\u00e1s teljes ideje alatt.<br \/>\n[\/vc_toggle][vc_toggle title=&#8221;Mit csin\u00e1ljuk, ha esik az es\u0151?&#8221; style=&#8221;square_outline&#8221; open=&#8221;true&#8221;]T\u00far\u00e1kat b\u00e1rmilyen id\u0151j\u00e1r\u00e1sn\u00e1l vezet\u00fcnk. A Segway-t \u00fagy tervezt\u00e9k, hogy az id\u0151j\u00e1r\u00e1si k\u00f6r\u00fclm\u00e9nyekt\u0151l f\u00fcggetlen\u00fcl m\u0171k\u00f6dj\u00f6n. Enyhe es\u0151 eset\u00e9n es\u0151kab\u00e1tot biztos\u00edtunk az utaz\u00e1s minden r\u00e9sztvev\u0151j\u00e9nek (ingyenes). Ha er\u0151sen esik az es\u0151 vagy f\u00faj a sz\u00e9l, alternat\u00edv utaz\u00e1si id\u0151ket k\u00edn\u00e1lunk \u00d6nnek.[\/vc_toggle][vc_toggle title=&#8221;Mi a segway \u00e9s hogyan m\u0171k\u00f6dik?&#8221; style=&#8221;square_outline&#8221; open=&#8221;true&#8221;]A Segway egy \u00f6nkiegyens\u00falyoz\u00f3 j\u00e1rm\u0171 elektromos meghajt\u00e1ssal. Nem haladja meg egy \u00e1tlagos feln\u0151tt m\u00e9ret\u00e9t, \u00e9s k\u00e9pes reag\u00e1lni az ir\u00e1ny\u00edt\u00f3ja testhelyzet\u00e9nek v\u00e1ltoz\u00e1saira. Ez\u00e9rt a segway ugyanazt a teret foglalja el, mint egy gyalogos, \u00e9s \u00e1thaladhat ott, ahol egy szem\u00e9ly elhaladhat. A Segway giroszk\u00f3pot \u00e9s d\u0151l\u00e9s\u00e9rz\u00e9kel\u0151ket haszn\u00e1l, amelyek k\u00f6vetik az emberi test mozg\u00e1s\u00e1t. Vagyis amikor az ember el\u0151rehajol, a segway el\u0151re l\u00e9p. Amikor egy szem\u00e9ly h\u00e1trad\u0151l, a segway h\u00e1trafel\u00e9 mozog. A Segway-vez\u00e9rl\u00e9s intuit\u00edv \u00e9s nagyon egyszer\u0171, mivel a rendszer egyens\u00falya m\u00e1sodpercenk\u00e9nt ak\u00e1r 100-szor is figyelemmel van k\u00eds\u00e9rve.[\/vc_toggle][vc_toggle title=&#8221;F\u00e9nyk\u00e9pezhet\u00fcnk a t\u00fara sor\u00e1n?&#8221; style=&#8221;square_outline&#8221; open=&#8221;true&#8221;]<\/p>\n<div class=\"wpb_text_column wpb_content_element \">\n<div class=\"wpb_wrapper\">\n<p>Egy\u00e9rtelm\u0171en. Minden t\u00fara sz\u00e1mos fot\u00f3meg\u00e1ll\u00f3t tartalmaz. Ne felejtse el hozni okostelefonj\u00e1t vagy f\u00e9nyk\u00e9pez\u0151g\u00e9p\u00e9t \u2013 idegenvezet\u0151ink ismerik a legjobb fot\u00f3kat \u00e9s rejtett helyeket, \u00edgy egyedi eml\u00e9kei lesznek!<\/p>\n<\/div>\n<\/div>\n<p>[\/vc_toggle][vc_toggle title=&#8221;H\u00e1ny ember vehet r\u00e9szt a t\u00far\u00e1n?&#8221; style=&#8221;square_outline&#8221; open=&#8221;true&#8221;]<\/p>\n<div class=\"wpb_text_column wpb_content_element \">\n<div class=\"wpb_wrapper\">\n<p>Minden idegenvezet\u0151 sz\u00e1m\u00e1ra szeretn\u00e9nk max. 7 r\u00e9sztvev\u0151b\u0151l. De ne agg\u00f3dj, ha a csoportod t\u00f6bb mint 7 f\u0151, akkor ennek megfelel\u0151en n\u00f6velj\u00fck az idegenvezet\u0151k sz\u00e1m\u00e1t. K\u00f6nnyen v\u00e1laszthat priv\u00e1t t\u00far\u00e1t is.<\/p>\n<\/div>\n<\/div>\n<p>[\/vc_toggle][vc_toggle title=&#8221;Gyermekes csal\u00e1d vagyunk. Vehet\u00fcnk r\u00e9szt a Segway t\u00far\u00e1n?&#8221; style=&#8221;square_outline&#8221; open=&#8221;true&#8221;]A segway-vezet\u00e9s biztons\u00e1gos, k\u00fcl\u00f6n\u00f6sen a gondosan kiv\u00e1lasztott kir\u00e1ndul\u00e1si \u00fatvonalakon. Indul\u00e1s el\u0151tt a t\u00fara \u00f6sszes r\u00e9sztvev\u0151je egy\u00e9ni gyakorlatokon vesz r\u00e9szt tapasztalt idegenvezet\u0151inkkel. Azonban csak gyermekes csal\u00e1dok sz\u00e1m\u00e1ra k\u00edn\u00e1lunk priv\u00e1t t\u00far\u00e1kat annak biztos\u00edt\u00e1sa \u00e9rdek\u00e9ben, hogy az utaz\u00e1s biztons\u00e1gos \u00e9s \u00e9lvezetes legyen. A 8 \u00e9ves vagy ann\u00e1l id\u0151sebb, 35 kg vagy ann\u00e1l nagyobb gyermekek sz\u00e1m\u00e1ra a Segway t\u00far\u00e1k megengedettek. Ha csal\u00e1dja megfelel ezeknek a k\u00f6vetelm\u00e9nyeknek, nyugodtan megrendelheti kir\u00e1ndul\u00e1sainkat. Ha nem, k\u00e9rj\u00fck l\u00e9pjen kapcsolatba vel\u00fcnk, \u00e9s \u00f6r\u00f6mmel seg\u00edt\u00fcnk megtal\u00e1lni a megfelel\u0151 megold\u00e1st.<br \/>\n[\/vc_toggle][\/vc_column][\/vc_row][vc_row full_width=&#8221;stretch_row_content_no_spaces&#8221;][vc_column]\n\t<section class=\"cf block ts_slider\" data-id=\"p-1\">\n\t\n\t\t\n\t\t\t\t\n\t\t\t<h4 class=\"block-head block-head-legacy\">\n\t\t\t\t<span class=\"title\">Segway Tours<\/span>\n\t\t\t<\/h4>\n\t\t\n\t\t\t\t\n\t\t\t\t\n\t\t<div class=\"block-content\">\n\t\t\t\n\t<section class=\"common-slider carousel-slider ts-contain\">\n\t<div class=\"wrap\">\n\t\t<div class=\"slides tour-slides tour-slides--5\" data-slider=\"carousel\" data-autoplay=\"1\" data-speed=\"2000\" data-parallax>\n\t\t\n\t\t\t\n                \t\t\n\t\t\t\t<div class=\"item common-slider-tour-item\">\n\n\t\t\t\t\t<a href=\"https:\/\/getsegway.hu\/hu\/segway-tours-hu\/budai-var-es-pesti-kozpont-a-segway-en\/\" class=\"image-link media-ratio ratio-1-1\"><img loading=\"lazy\" decoding=\"async\" width=\"370\" height=\"370\" src=\"https:\/\/getsegway.hu\/wp-content\/uploads\/2020\/07\/national-galerie-budapest-768x512.jpg\" class=\"attachment-cheerup-768 size-cheerup-768 wp-post-image\" alt=\"Budapest parlamant on segway tour\" sizes=\"auto, (max-width: 370px) 100vw, 370px\" title=\"Budai v\u00e1r \u00e9s Pesti k\u00f6zpont a Segway-en\" srcset=\"https:\/\/getsegway.hu\/wp-content\/uploads\/2020\/07\/national-galerie-budapest-768x512.jpg 768w, https:\/\/getsegway.hu\/wp-content\/uploads\/2020\/07\/national-galerie-budapest-1024x683.jpg 1024w, https:\/\/getsegway.hu\/wp-content\/uploads\/2020\/07\/national-galerie-budapest-1536x1024.jpg 1536w, https:\/\/getsegway.hu\/wp-content\/uploads\/2020\/07\/national-galerie-budapest-450x300.jpg 450w, https:\/\/getsegway.hu\/wp-content\/uploads\/2020\/07\/national-galerie-budapest-1170x780.jpg 1170w, https:\/\/getsegway.hu\/wp-content\/uploads\/2020\/07\/national-galerie-budapest.jpg 1920w\" \/><\/a>\n                    \t\t\t\t\t\n\t\t\t\t\t<div class=\"overlay cf\">\n\n<!--\t\t\t\t\t\t-->                        <span class=\"category\">Segway Tours<\/span>\n\t\t\t\t\t\t\t\n\t\t\t\t\t\t<h2 class=\"heading\"><a href=\"https:\/\/getsegway.hu\/hu\/segway-tours-hu\/budai-var-es-pesti-kozpont-a-segway-en\/\">Budai v\u00e1r \u00e9s Pesti k\u00f6zpont a Segway-en<\/a><\/h2>\n\n                        <div class=\"common-slider-tour-meta\"><div class=\"common-slider-tour-meta__item\"><span class=\"common-slider-tour-meta__meta\">Id\u0151tartam: <\/span><span class=\"common-slider-tour-meta__value\">120 perc<\/span><\/div><div class=\"common-slider-tour-meta__item\"><span class=\"common-slider-tour-meta__meta\">\u00datmutat\u00f3 nyelve: <\/span><span class=\"common-slider-tour-meta__value\">EN, DE, ES, RU<\/span><\/div><div class=\"common-slider-tour-meta__item\"><span class=\"common-slider-tour-meta__meta\">\u00c1ra: <\/span><span class=\"common-slider-tour-meta__value\">55 \u20ac <\/span><\/div><\/div>\t\t\t\t\t\t\n\t\t\t\t\t<\/div>\n\t\t\t\t\t\n\t\t\t\t<\/div>\n\t\t\t\t\n\t\t\t\n                \t\t\n\t\t\t\t<div class=\"item common-slider-tour-item\">\n\n\t\t\t\t\t<a href=\"https:\/\/getsegway.hu\/hu\/segway-tours-hu\/seta-pesten-segway-en\/\" class=\"image-link media-ratio ratio-1-1\"><img loading=\"lazy\" decoding=\"async\" width=\"370\" height=\"370\" src=\"https:\/\/getsegway.hu\/wp-content\/uploads\/2020\/07\/budapest-parliament-segways-768x512.jpg\" class=\"attachment-cheerup-768 size-cheerup-768 wp-post-image\" alt=\"\" sizes=\"auto, (max-width: 370px) 100vw, 370px\" title=\"S\u00e9ta Pesten Segway-en\" srcset=\"https:\/\/getsegway.hu\/wp-content\/uploads\/2020\/07\/budapest-parliament-segways-768x512.jpg 768w, https:\/\/getsegway.hu\/wp-content\/uploads\/2020\/07\/budapest-parliament-segways-1024x683.jpg 1024w, https:\/\/getsegway.hu\/wp-content\/uploads\/2020\/07\/budapest-parliament-segways-1536x1024.jpg 1536w, https:\/\/getsegway.hu\/wp-content\/uploads\/2020\/07\/budapest-parliament-segways-450x300.jpg 450w, https:\/\/getsegway.hu\/wp-content\/uploads\/2020\/07\/budapest-parliament-segways-1170x780.jpg 1170w, https:\/\/getsegway.hu\/wp-content\/uploads\/2020\/07\/budapest-parliament-segways.jpg 1920w\"><\/a>\n                    \t\t\t\t\t\n\t\t\t\t\t<div class=\"overlay cf\">\n\n<!--\t\t\t\t\t\t-->                        <span class=\"category\">Segway Tours<\/span>\n\t\t\t\t\t\t\t\n\t\t\t\t\t\t<h2 class=\"heading\"><a href=\"https:\/\/getsegway.hu\/hu\/segway-tours-hu\/seta-pesten-segway-en\/\">S\u00e9ta Pesten Segway-en<\/a><\/h2>\n\n                        <div class=\"common-slider-tour-meta\"><div class=\"common-slider-tour-meta__item\"><span class=\"common-slider-tour-meta__meta\">Id\u0151tartam: <\/span><span class=\"common-slider-tour-meta__value\">60 perc<\/span><\/div><div class=\"common-slider-tour-meta__item\"><span class=\"common-slider-tour-meta__meta\">\u00datmutat\u00f3 nyelve: <\/span><span class=\"common-slider-tour-meta__value\">EN, DE, ES, RU<\/span><\/div><div class=\"common-slider-tour-meta__item\"><span class=\"common-slider-tour-meta__meta\">\u00c1ra: <\/span><span class=\"common-slider-tour-meta__value\">35 \u20ac<\/span><\/div><\/div>\t\t\t\t\t\t\n\t\t\t\t\t<\/div>\n\t\t\t\t\t\n\t\t\t\t<\/div>\n\t\t\t\t\n\t\t\t\n                \t\t\n\t\t\t\t<div class=\"item common-slider-tour-item\">\n\n\t\t\t\t\t<a href=\"https:\/\/getsegway.hu\/hu\/segway-tours-hu\/gellert-hegy-budapest-citadellaja-segway-en\/\" class=\"image-link media-ratio ratio-1-1\"><img loading=\"lazy\" decoding=\"async\" width=\"370\" height=\"370\" src=\"https:\/\/getsegway.hu\/wp-content\/uploads\/2020\/07\/liberty-statue-budapest-768x512.jpg\" class=\"attachment-cheerup-768 size-cheerup-768 wp-post-image\" alt=\"\" sizes=\"auto, (max-width: 370px) 100vw, 370px\" title=\"Gell\u00e9rt-hegy-Budapest Citadell\u00e1ja segway-en\" srcset=\"https:\/\/getsegway.hu\/wp-content\/uploads\/2020\/07\/liberty-statue-budapest-768x512.jpg 768w, https:\/\/getsegway.hu\/wp-content\/uploads\/2020\/07\/liberty-statue-budapest-1024x683.jpg 1024w, https:\/\/getsegway.hu\/wp-content\/uploads\/2020\/07\/liberty-statue-budapest-1536x1024.jpg 1536w, https:\/\/getsegway.hu\/wp-content\/uploads\/2020\/07\/liberty-statue-budapest-450x300.jpg 450w, https:\/\/getsegway.hu\/wp-content\/uploads\/2020\/07\/liberty-statue-budapest-1170x780.jpg 1170w, https:\/\/getsegway.hu\/wp-content\/uploads\/2020\/07\/liberty-statue-budapest.jpg 1920w\"><\/a>\n                    \t\t\t\t\t\n\t\t\t\t\t<div class=\"overlay cf\">\n\n<!--\t\t\t\t\t\t-->                        <span class=\"category\">Segway Tours<\/span>\n\t\t\t\t\t\t\t\n\t\t\t\t\t\t<h2 class=\"heading\"><a href=\"https:\/\/getsegway.hu\/hu\/segway-tours-hu\/gellert-hegy-budapest-citadellaja-segway-en\/\">Gell\u00e9rt-hegy-Budapest Citadell\u00e1ja segway-en<\/a><\/h2>\n\n                        <div class=\"common-slider-tour-meta\"><div class=\"common-slider-tour-meta__item\"><span class=\"common-slider-tour-meta__meta\">Id\u0151tartam: <\/span><span class=\"common-slider-tour-meta__value\">90 perc<\/span><\/div><div class=\"common-slider-tour-meta__item\"><span class=\"common-slider-tour-meta__meta\">\u00datmutat\u00f3 nyelve: <\/span><span class=\"common-slider-tour-meta__value\">EN, DE, ES, RU<\/span><\/div><div class=\"common-slider-tour-meta__item\"><span class=\"common-slider-tour-meta__meta\">\u00c1ra: <\/span><span class=\"common-slider-tour-meta__value\">45 \u20ac<\/span><\/div><\/div>\t\t\t\t\t\t\n\t\t\t\t\t<\/div>\n\t\t\t\t\t\n\t\t\t\t<\/div>\n\t\t\t\t\n\t\t\t\n                \t\t\n\t\t\t\t<div class=\"item common-slider-tour-item\">\n\n\t\t\t\t\t<a href=\"https:\/\/getsegway.hu\/hu\/segway-tours-hu\/segway-el-a-margitszigetre\/\" class=\"image-link media-ratio ratio-1-1\"><img loading=\"lazy\" decoding=\"async\" width=\"370\" height=\"370\" src=\"https:\/\/getsegway.hu\/wp-content\/uploads\/2020\/07\/margit-island-segway-768x513.jpg\" class=\"attachment-cheerup-768 size-cheerup-768 wp-post-image\" alt=\"Margit island segway tour\" sizes=\"auto, (max-width: 370px) 100vw, 370px\" title=\"Segway-el a Margitszigetre!\" srcset=\"https:\/\/getsegway.hu\/wp-content\/uploads\/2020\/07\/margit-island-segway-768x513.jpg 768w, https:\/\/getsegway.hu\/wp-content\/uploads\/2020\/07\/margit-island-segway-1024x684.jpg 1024w, https:\/\/getsegway.hu\/wp-content\/uploads\/2020\/07\/margit-island-segway-1536x1025.jpg 1536w, https:\/\/getsegway.hu\/wp-content\/uploads\/2020\/07\/margit-island-segway-450x300.jpg 450w, https:\/\/getsegway.hu\/wp-content\/uploads\/2020\/07\/margit-island-segway-1170x781.jpg 1170w, https:\/\/getsegway.hu\/wp-content\/uploads\/2020\/07\/margit-island-segway.jpg 1600w\" \/><\/a>\n                    \t\t\t\t\t\n\t\t\t\t\t<div class=\"overlay cf\">\n\n<!--\t\t\t\t\t\t-->                        <span class=\"category\">Segway Tours<\/span>\n\t\t\t\t\t\t\t\n\t\t\t\t\t\t<h2 class=\"heading\"><a href=\"https:\/\/getsegway.hu\/hu\/segway-tours-hu\/segway-el-a-margitszigetre\/\">Segway-el a Margitszigetre!<\/a><\/h2>\n\n                        <div class=\"common-slider-tour-meta\"><div class=\"common-slider-tour-meta__item\"><span class=\"common-slider-tour-meta__meta\">Id\u0151tartam: <\/span><span class=\"common-slider-tour-meta__value\">90 perc<\/span><\/div><div class=\"common-slider-tour-meta__item\"><span class=\"common-slider-tour-meta__meta\">\u00datmutat\u00f3 nyelve: <\/span><span class=\"common-slider-tour-meta__value\">EN, DE, ES, RU<\/span><\/div><div class=\"common-slider-tour-meta__item\"><span class=\"common-slider-tour-meta__meta\">\u00c1ra: <\/span><span class=\"common-slider-tour-meta__value\">39 \u20ac<\/span><\/div><\/div>\t\t\t\t\t\t\n\t\t\t\t\t<\/div>\n\t\t\t\t\t\n\t\t\t\t<\/div>\n\t\t\t\t\n\t\t\t\n                \t\t\n\t\t\t\t<div class=\"item common-slider-tour-item\">\n\n\t\t\t\t\t<a href=\"https:\/\/getsegway.hu\/hu\/segway-tours-hu\/nagy-segway-tura-budapest-legfontosabb-latnivaloi\/\" class=\"image-link media-ratio ratio-1-1\"><img loading=\"lazy\" decoding=\"async\" width=\"370\" height=\"370\" src=\"https:\/\/getsegway.hu\/wp-content\/uploads\/2020\/07\/budapest-sign-segway-768x512.jpg\" class=\"attachment-cheerup-768 size-cheerup-768 wp-post-image\" alt=\"Budapest sign on Monster bikes\" sizes=\"auto, (max-width: 370px) 100vw, 370px\" title=\"Nagy Segway t\u00fara &#8211; Budapest legfontosabb l\u00e1tn\u00edvaloi\" srcset=\"https:\/\/getsegway.hu\/wp-content\/uploads\/2020\/07\/budapest-sign-segway-768x512.jpg 768w, https:\/\/getsegway.hu\/wp-content\/uploads\/2020\/07\/budapest-sign-segway-1024x683.jpg 1024w, https:\/\/getsegway.hu\/wp-content\/uploads\/2020\/07\/budapest-sign-segway-1536x1024.jpg 1536w, https:\/\/getsegway.hu\/wp-content\/uploads\/2020\/07\/budapest-sign-segway-450x300.jpg 450w, https:\/\/getsegway.hu\/wp-content\/uploads\/2020\/07\/budapest-sign-segway-1170x780.jpg 1170w, https:\/\/getsegway.hu\/wp-content\/uploads\/2020\/07\/budapest-sign-segway.jpg 1920w\" \/><\/a>\n                    \t\t\t\t\t\n\t\t\t\t\t<div class=\"overlay cf\">\n\n<!--\t\t\t\t\t\t-->                        <span class=\"category\">Segway Tours<\/span>\n\t\t\t\t\t\t\t\n\t\t\t\t\t\t<h2 class=\"heading\"><a href=\"https:\/\/getsegway.hu\/hu\/segway-tours-hu\/nagy-segway-tura-budapest-legfontosabb-latnivaloi\/\">Nagy Segway t\u00fara &#8211; Budapest legfontosabb l\u00e1tn\u00edvaloi<\/a><\/h2>\n\n                        <div class=\"common-slider-tour-meta\"><div class=\"common-slider-tour-meta__item\"><span class=\"common-slider-tour-meta__meta\">Id\u0151tartam: <\/span><span class=\"common-slider-tour-meta__value\">180 perc<\/span><\/div><div class=\"common-slider-tour-meta__item\"><span class=\"common-slider-tour-meta__meta\">\u00datmutat\u00f3 nyelve: <\/span><span class=\"common-slider-tour-meta__value\">EN, DE, ES, RU<\/span><\/div><div class=\"common-slider-tour-meta__item\"><span class=\"common-slider-tour-meta__meta\">\u00c1ra: <\/span><span class=\"common-slider-tour-meta__value\">69 \u20ac<\/span><\/div><\/div>\t\t\t\t\t\t\n\t\t\t\t\t<\/div>\n\t\t\t\t\t\n\t\t\t\t<\/div>\n\t\t\t\t\n\t\t\t\t\t<\/div>\n\t<\/div>\n\t<\/section>\n\t\n\t\t\t<\/div>\n\t\n\t<\/section>\n\n[\/vc_column][\/vc_row]<\/p>\n<\/div>","protected":false},"excerpt":{"rendered":"<p>[vc_row][vc_column][vc_toggle title=&#8221;Hol van a tal\u00e1lkoz\u00f3pont a t\u00fara \u00ednd\u00fal\u00e1s\u00e1kor?&#8221; style=&#8221;square_outline&#8221; open=&#8221;true&#8221;]Idegenvezet\u0151je v\u00e1rja a csoport \u00f6sszegy\u0171l\u00e9s\u00e9t a GetSegway \u2122 irod\u00e1j\u00e1ban, a Budapest 1052, Haris k\u00f6z 4. c\u00edm alatt. Ez a KFC-t\u0151l mind\u00f6ssze 30 m\u00e9terre, a f\u0151 V\u00e1ci utc\u00e1n tal\u00e1lhat\u00f3. [\/vc_toggle][vc_toggle title=&#8221;Az idegenvezet\u0151 vezet\u0151 besz\u00e9li az nyelvemet?&#8221; style=&#8221;square_outline&#8221; open=&#8221;true&#8221;]Segway t\u00far\u00e1inkat helyi idegenvezet\u0151k vezetik az al\u00e1bbi nyelveken: angol, n\u00e9met,<\/p>\n","protected":false},"author":2,"featured_media":0,"parent":0,"menu_order":0,"comment_status":"closed","ping_status":"closed","template":"page-blocks.php","meta":{"_acf_changed":false,"_joinchat":[],"footnotes":""},"class_list":["post-1042","page","type-page","status-publish"],"acf":[],"_links":{"self":[{"href":"https:\/\/getsegway.hu\/hu\/wp-json\/wp\/v2\/pages\/1042","targetHints":{"allow":["GET"]}}],"collection":[{"href":"https:\/\/getsegway.hu\/hu\/wp-json\/wp\/v2\/pages"}],"about":[{"href":"https:\/\/getsegway.hu\/hu\/wp-json\/wp\/v2\/types\/page"}],"author":[{"embeddable":true,"href":"https:\/\/getsegway.hu\/hu\/wp-json\/wp\/v2\/users\/2"}],"replies":[{"embeddable":true,"href":"https:\/\/getsegway.hu\/hu\/wp-json\/wp\/v2\/comments?post=1042"}],"version-history":[{"count":6,"href":"https:\/\/getsegway.hu\/hu\/wp-json\/wp\/v2\/pages\/1042\/revisions"}],"predecessor-version":[{"id":6170,"href":"https:\/\/getsegway.hu\/hu\/wp-json\/wp\/v2\/pages\/1042\/revisions\/6170"}],"wp:attachment":[{"href":"https:\/\/getsegway.hu\/hu\/wp-json\/wp\/v2\/media?parent=1042"}],"curies":[{"name":"wp","href":"https:\/\/api.w.org\/{rel}","templated":true}]}}