{"id":1037,"date":"2020-07-13T21:33:33","date_gmt":"2020-07-13T19:33:33","guid":{"rendered":"https:\/\/getsegway.hu\/about-us\/"},"modified":"2021-02-03T11:03:49","modified_gmt":"2021-02-03T11:03:49","slug":"rolunk","status":"publish","type":"page","link":"https:\/\/getsegway.hu\/hu\/rolunk\/","title":{"rendered":"R\u00f3lunk"},"content":{"rendered":"<div class=\"wpb-content-wrapper\"><p>[vc_row][vc_column width=&#8221;1\/2&#8243;][vc_single_image image=&#8221;43&#8243; img_size=&#8221;full&#8221; style=&#8221;vc_box_outline&#8221; css=&#8221;.vc_custom_1595344671010{margin-bottom: 0px !important;}&#8221;][vc_custom_heading text=&#8221;A t\u00f6rt\u00e9nelm\u00fcnk&#8221; font_container=&#8221;tag:h2|text_align:left|color:%2323aef4&#8243; google_fonts=&#8221;font_family:Roboto%3A100%2C100italic%2C300%2C300italic%2Cregular%2Citalic%2C500%2C500italic%2C700%2C700italic%2C900%2C900italic|font_style:700%20bold%20regular%3A700%3Anormal&#8221; css=&#8221;.vc_custom_1594677024205{margin-top: 15px !important;margin-bottom: 15px !important;}&#8221;][vc_column_text single_style=&#8221;&#8221;]2010 \u00f3ta a GetSegway \u2122 a k\u00f6nnyebb, gyorsabb \u00e9s sz\u00f3rakoztat\u00f3bb utat k\u00edn\u00e1lja az utaz\u00f3knak Magyarorsz\u00e1g f\u0151v\u00e1ros\u00e1nak felfedez\u00e9s\u00e9hez. Ma m\u00e1r t\u00f6bb mint 100 000 vend\u00e9g b\u00edzott meg benn\u00fcnket Budapest k\u00f6r\u00fcli kir\u00e1ndul\u00e1sok megszervez\u00e9s\u00e9vel a segway-ken.[\/vc_column_text][\/vc_column][vc_column width=&#8221;1\/2&#8243;][vc_single_image image=&#8221;44&#8243; img_size=&#8221;full&#8221; style=&#8221;vc_box_outline&#8221; css=&#8221;.vc_custom_1595344741483{margin-bottom: 0px !important;}&#8221;][vc_custom_heading text=&#8221;K\u00fcldet\u00e9s\u00fcnk&#8221; font_container=&#8221;tag:h2|text_align:left|color:%2323aef4&#8243; google_fonts=&#8221;font_family:Roboto%3A100%2C100italic%2C300%2C300italic%2Cregular%2Citalic%2C500%2C500italic%2C700%2C700italic%2C900%2C900italic|font_style:700%20bold%20regular%3A700%3Anormal&#8221; css=&#8221;.vc_custom_1594677170474{margin-top: 15px !important;margin-bottom: 15px !important;}&#8221;][vc_column_text single_style=&#8221;&#8221;]K\u00fcldet\u00e9s\u00fcnk, hogy seg\u00edts\u00fcnk \u00d6nnek sz\u00f3rakoztat\u00f3 \u00e9s izgalmas m\u00f3don meg\u00edsmerni Budapestet, \u00e9s mindenki sz\u00e1m\u00e1ra el\u00e9rhet\u0151v\u00e9 tenni ezt a hihetetlen \u00e9lm\u00e9nyt. Vel\u00fcnk nem \u00e9rzi hogy egy \u00fajabb unalmas v\u00e1rosn\u00e9z\u00e9sen vesz r\u00e9szt. Elk\u00f6telezett munkat\u00e1rsainkkal egy\u00fctt arra t\u00f6reksz\u00fcnk, hogy minden t\u00fara felejthetetlen \u00e9lm\u00e9nyt ny\u00fajtson minden vend\u00e9g\u00fcnk sz\u00e1m\u00e1ra.[\/vc_column_text][\/vc_column][\/vc_row]<\/p>\n<\/div>","protected":false},"excerpt":{"rendered":"<p>[vc_row][vc_column width=&#8221;1\/2&#8243;][vc_single_image image=&#8221;43&#8243; img_size=&#8221;full&#8221; style=&#8221;vc_box_outline&#8221; css=&#8221;.vc_custom_1595344671010{margin-bottom: 0px !important;}&#8221;][vc_custom_heading text=&#8221;A t\u00f6rt\u00e9nelm\u00fcnk&#8221; font_container=&#8221;tag:h2|text_align:left|color:%2323aef4&#8243; google_fonts=&#8221;font_family:Roboto%3A100%2C100italic%2C300%2C300italic%2Cregular%2Citalic%2C500%2C500italic%2C700%2C700italic%2C900%2C900italic|font_style:700%20bold%20regular%3A700%3Anormal&#8221; css=&#8221;.vc_custom_1594677024205{margin-top: 15px !important;margin-bottom: 15px !important;}&#8221;][vc_column_text single_style=&#8221;&#8221;]2010 \u00f3ta a GetSegway \u2122 a k\u00f6nnyebb, gyorsabb \u00e9s sz\u00f3rakoztat\u00f3bb utat k\u00edn\u00e1lja az utaz\u00f3knak Magyarorsz\u00e1g f\u0151v\u00e1ros\u00e1nak felfedez\u00e9s\u00e9hez. Ma m\u00e1r t\u00f6bb mint 100 000 vend\u00e9g b\u00edzott meg benn\u00fcnket Budapest k\u00f6r\u00fcli kir\u00e1ndul\u00e1sok megszervez\u00e9s\u00e9vel a segway-ken.[\/vc_column_text][\/vc_column][vc_column width=&#8221;1\/2&#8243;][vc_single_image image=&#8221;44&#8243; img_size=&#8221;full&#8221; style=&#8221;vc_box_outline&#8221; css=&#8221;.vc_custom_1595344741483{margin-bottom:<\/p>\n","protected":false},"author":2,"featured_media":0,"parent":0,"menu_order":0,"comment_status":"closed","ping_status":"closed","template":"page-blocks.php","meta":{"_acf_changed":false,"_joinchat":[],"footnotes":""},"class_list":["post-1037","page","type-page","status-publish"],"acf":[],"_links":{"self":[{"href":"https:\/\/getsegway.hu\/hu\/wp-json\/wp\/v2\/pages\/1037","targetHints":{"allow":["GET"]}}],"collection":[{"href":"https:\/\/getsegway.hu\/hu\/wp-json\/wp\/v2\/pages"}],"about":[{"href":"https:\/\/getsegway.hu\/hu\/wp-json\/wp\/v2\/types\/page"}],"author":[{"embeddable":true,"href":"https:\/\/getsegway.hu\/hu\/wp-json\/wp\/v2\/users\/2"}],"replies":[{"embeddable":true,"href":"https:\/\/getsegway.hu\/hu\/wp-json\/wp\/v2\/comments?post=1037"}],"version-history":[{"count":15,"href":"https:\/\/getsegway.hu\/hu\/wp-json\/wp\/v2\/pages\/1037\/revisions"}],"predecessor-version":[{"id":1270,"href":"https:\/\/getsegway.hu\/hu\/wp-json\/wp\/v2\/pages\/1037\/revisions\/1270"}],"wp:attachment":[{"href":"https:\/\/getsegway.hu\/hu\/wp-json\/wp\/v2\/media?parent=1037"}],"curies":[{"name":"wp","href":"https:\/\/api.w.org\/{rel}","templated":true}]}}