{"id":906,"date":"2020-07-13T21:33:33","date_gmt":"2020-07-13T19:33:33","guid":{"rendered":"https:\/\/getsegway.hu\/sobre-nosotros\/"},"modified":"2022-10-29T18:31:00","modified_gmt":"2022-10-29T16:31:00","slug":"sobre-nosotros","status":"publish","type":"page","link":"https:\/\/getsegway.hu\/es\/sobre-nosotros\/","title":{"rendered":"Sobre nosotros"},"content":{"rendered":"<div class=\"wpb-content-wrapper\"><p>[vc_row][vc_column width=\u00bb1\/2&#8243;][vc_single_image image=\u00bb43&#8243; img_size=\u00bbfull\u00bb style=\u00bbvc_box_outline\u00bb css=\u00bb.vc_custom_1595344671010{margin-bottom: 0px !important;}\u00bb][vc_custom_heading text=\u00bbNuestra historia\u00bb font_container=\u00bbtag:h2|text_align:left|color:%2323aef4&#8243; google_fonts=\u00bbfont_family:Roboto%3A100%2C100italic%2C300%2C300italic%2Cregular%2Citalic%2C500%2C500italic%2C700%2C700italic%2C900%2C900italic|font_style:700%20bold%20regular%3A700%3Anormal\u00bb css=\u00bb.vc_custom_1594677024205{margin-top: 15px !important;margin-bottom: 15px !important;}\u00bb][vc_column_text single_style=\u00bb\u00bb]En funcionamiento desde 2010, GetSegway \u2122 hizo que fuera m\u00e1s f\u00e1cil, mejor, m\u00e1s r\u00e1pido y divertido para los turistas visitar la capital h\u00fangara. Hasta el d\u00eda de hoy, m\u00e1s de 100.000 hu\u00e9spedes confiaron en GetSegway como su agencia de recorridos tur\u00edsticos en Segway.[\/vc_column_text][\/vc_column][vc_column width=\u00bb1\/2&#8243;][vc_single_image image=\u00bb44&#8243; img_size=\u00bbfull\u00bb style=\u00bbvc_box_outline\u00bb css=\u00bb.vc_custom_1595344741483{margin-bottom: 0px !important;}\u00bb][vc_custom_heading text=\u00bbNuestra misi\u00f3n\u00bb font_container=\u00bbtag:h2|text_align:left|color:%2323aef4&#8243; google_fonts=\u00bbfont_family:Roboto%3A100%2C100italic%2C300%2C300italic%2Cregular%2Citalic%2C500%2C500italic%2C700%2C700italic%2C900%2C900italic|font_style:700%20bold%20regular%3A700%3Anormal\u00bb css=\u00bb.vc_custom_1594677170474{margin-top: 15px !important;margin-bottom: 15px !important;}\u00bb][vc_column_text single_style=\u00bb\u00bb]Nuestra misi\u00f3n es ayudarte a descubrir Budapest de una manera divertida y emocionante y hacer que esta incre\u00edble experiencia sea accesible para todos. Con nosotros, no te sentir\u00e1s como en otro aburrido tour por la ciudad, con nuestros miembros dedicados, nuestro objetivo es que cada recorrido sea una experiencia incre\u00edble para cada uno de nuestros hu\u00e9spedes.[\/vc_column_text][\/vc_column][\/vc_row]<\/p>\n<\/div>","protected":false},"excerpt":{"rendered":"<p>[vc_row][vc_column width=\u00bb1\/2&#8243;][vc_single_image image=\u00bb43&#8243; img_size=\u00bbfull\u00bb style=\u00bbvc_box_outline\u00bb css=\u00bb.vc_custom_1595344671010{margin-bottom: 0px !important;}\u00bb][vc_custom_heading text=\u00bbNuestra historia\u00bb font_container=\u00bbtag:h2|text_align:left|color:%2323aef4&#8243; google_fonts=\u00bbfont_family:Roboto%3A100%2C100italic%2C300%2C300italic%2Cregular%2Citalic%2C500%2C500italic%2C700%2C700italic%2C900%2C900italic|font_style:700%20bold%20regular%3A700%3Anormal\u00bb css=\u00bb.vc_custom_1594677024205{margin-top: 15px !important;margin-bottom: 15px !important;}\u00bb][vc_column_text single_style=\u00bb\u00bb]En funcionamiento desde 2010, GetSegway \u2122 hizo que fuera m\u00e1s f\u00e1cil, mejor, m\u00e1s r\u00e1pido y divertido para los turistas visitar la capital h\u00fangara. Hasta el d\u00eda de hoy, m\u00e1s de 100.000 hu\u00e9spedes confiaron en GetSegway como su agencia<\/p>\n","protected":false},"author":2,"featured_media":0,"parent":0,"menu_order":0,"comment_status":"closed","ping_status":"closed","template":"page-blocks.php","meta":{"_acf_changed":false,"_joinchat":[],"footnotes":""},"class_list":["post-906","page","type-page","status-publish"],"acf":[],"_links":{"self":[{"href":"https:\/\/getsegway.hu\/es\/wp-json\/wp\/v2\/pages\/906","targetHints":{"allow":["GET"]}}],"collection":[{"href":"https:\/\/getsegway.hu\/es\/wp-json\/wp\/v2\/pages"}],"about":[{"href":"https:\/\/getsegway.hu\/es\/wp-json\/wp\/v2\/types\/page"}],"author":[{"embeddable":true,"href":"https:\/\/getsegway.hu\/es\/wp-json\/wp\/v2\/users\/2"}],"replies":[{"embeddable":true,"href":"https:\/\/getsegway.hu\/es\/wp-json\/wp\/v2\/comments?post=906"}],"version-history":[{"count":1,"href":"https:\/\/getsegway.hu\/es\/wp-json\/wp\/v2\/pages\/906\/revisions"}],"predecessor-version":[{"id":907,"href":"https:\/\/getsegway.hu\/es\/wp-json\/wp\/v2\/pages\/906\/revisions\/907"}],"wp:attachment":[{"href":"https:\/\/getsegway.hu\/es\/wp-json\/wp\/v2\/media?parent=906"}],"curies":[{"name":"wp","href":"https:\/\/api.w.org\/{rel}","templated":true}]}}