{"id":482,"date":"2020-07-18T12:52:19","date_gmt":"2020-07-18T12:52:19","guid":{"rendered":"https:\/\/getsegway.hu\/preguntas-frecuentes\/"},"modified":"2022-10-27T16:08:11","modified_gmt":"2022-10-27T14:08:11","slug":"preguntas-frecuentes","status":"publish","type":"page","link":"https:\/\/getsegway.hu\/es\/preguntas-frecuentes\/","title":{"rendered":"Preguntas frecuentes"},"content":{"rendered":"<div class=\"wpb-content-wrapper\"><p>[vc_row][vc_column][vc_toggle title=\u00bb\u00bfD\u00f3nde nos reunimos para nuestro tour?\u00bb style=\u00bbsquare_outline\u00bb open=\u00bbtrue\u00bb]Meet your guide at the GetSegway\u2122 office on <a href=\"https:\/\/g.page\/GetSegwayBudapest\" target=\"_blank\" rel=\"noopener noreferrer\">Haris k\u00f6z 4, Budapest 1052<\/a>. [\/vc_toggle][vc_toggle title=\u00bb\u00bfHay una gu\u00eda en vivo disponible en mi idioma?\u00bb style=\u00bbsquare_outline\u00bb open=\u00bbtrue\u00bb]Nuestros tours cuentan con gu\u00edas tur\u00edsticos en vivo en los siguientes idiomas: ingl\u00e9s, franc\u00e9s, alem\u00e1n, ruso, espa\u00f1ol, \u00e1rabe y h\u00fangaro.[\/vc_toggle][vc_toggle title=\u00bb\u00bfCu\u00e1l es la edad m\u00ednima para participar en Segway Tours?\u00bb style=\u00bbsquare_outline\u00bb open=\u00bbtrue\u00bb]La edad m\u00ednima para montar en Segway con nosotros es de 8 a\u00f1os. El ni\u00f1o debe poder entender y seguir todas las instrucciones proporcionadas por nuestra gu\u00eda. Los ni\u00f1os deben estar acompa\u00f1ados por un adulto responsable.<br \/>\n[\/vc_toggle][vc_toggle title=\u00bb\u00bfQu\u00e9 hacemos si llueve?\u00bb style=\u00bbsquare_outline\u00bb open=\u00bbtrue\u00bb]Realizamos nuestros tours en cualquier clima. Los Segways est\u00e1n dise\u00f1ados para funcionar en cualquier condici\u00f3n clim\u00e1tica. En caso de que llueva mucho, haremos todo lo posible para reprogramar.[\/vc_toggle][vc_toggle title=\u00bb\u00bfQu\u00e9 es el Segway Personal Transporter (PT) y c\u00f3mo funciona?\u00bb style=\u00bbsquare_outline\u00bb open=\u00bbtrue\u00bb]El SegwayPT es un dispositivo de transporte el\u00e9ctrico y autoequilibrado. Con dimensiones no mayores que el cuerpo de un adulto promedio y la capacidad de emular el equilibrio humano, el Segway PT utiliza el mismo espacio que un peat\u00f3n y puede ir a cualquier lugar donde una persona pueda caminar. Utiliza sensores de inclinaci\u00f3n y girosc\u00f3picos que funcionan con los movimientos del cuerpo, cuando un el usuario se inclina hacia adelante, el Segway avanza. Cuando el usuario se inclina hacia atr\u00e1s, el segway se mueve hacia atr\u00e1s. Es muy intuitivo ya que su sistema monitorea el equilibrio de la persona unas 100 veces por segundo.[\/vc_toggle][vc_toggle title=\u00bb\u00bfVamos a poder tomar fotos?\u00bb style=\u00bbsquare_outline\u00bb open=\u00bbtrue\u00bb]<\/p>\n<div class=\"wpb_text_column wpb_content_element \">\n<div class=\"wpb_wrapper\">\n<p>Seguro. En cada tour se incluyen numerosas paradas para tomar fotograf\u00edas. No olvide traer su smartphone o c\u00e1mara: nuestros gu\u00edas tur\u00edsticos conocen las mejores fotograf\u00edas y lugares ocultos para que tenga recuerdos \u00fanicos.<\/p>\n<\/div>\n<\/div>\n<p>[\/vc_toggle][vc_toggle title=\u00bb\u00bfCu\u00e1l es el tama\u00f1o del grupo?\u00bb style=\u00bbsquare_outline\u00bb open=\u00bbtrue\u00bb]<\/p>\n<div class=\"wpb_text_column wpb_content_element \">\n<div class=\"wpb_wrapper\">\n<p>Para cada gu\u00eda tur\u00edstico, nos gustar\u00eda tener un m\u00e1x. de 7 participantes. Pero no se preocupe, si su grupo tiene m\u00e1s de 7, simplemente aumentaremos el n\u00famero de gu\u00edas tur\u00edsticos en consecuencia. Tambi\u00e9n puede optar f\u00e1cilmente por un tour privado.<\/p>\n<\/div>\n<\/div>\n<p>[\/vc_toggle][vc_toggle title=\u00bbSomos una familia con hijos. \u00bfPodemos hacer un recorrido en Segway?\u00bb style=\u00bbsquare_outline\u00bb open=\u00bbtrue\u00bb]Conducir el Segway es seguro, especialmente en nuestras rutas tur\u00edsticas cuidadosamente seleccionadas. Todos nuestros hu\u00e9spedes reciben una sesi\u00f3n de capacitaci\u00f3n personalizada con nuestros gu\u00edas tur\u00edsticos experimentados antes de la salida. Sin embargo, para familias con ni\u00f1os, solo ofrecemos recorridos privados para un viaje seguro y agradable. Los requisitos para que los ni\u00f1os puedan participar en Segway Tours son 10 a\u00f1os de edad y 35 kilos de peso corporal. Si su familia cumple con esto, no dude en reservar un tour con nosotros. Si no es as\u00ed y estar\u00eda dispuesto a ver las opciones, comun\u00edquese con nosotros para que podamos ayudarlo mejor y ofrecerle una soluci\u00f3n.<br \/>\n[\/vc_toggle][\/vc_column][\/vc_row][vc_row full_width=\u00bbstretch_row_content_no_spaces\u00bb][vc_column]\n\t<section class=\"cf block ts_slider\" data-id=\"p-1\">\n\t\n\t\t\n\t\t\t\t\n\t\t\t<h4 class=\"block-head block-head-legacy\">\n\t\t\t\t<span class=\"title\">Segway Tours<\/span>\n\t\t\t<\/h4>\n\t\t\n\t\t\t\t\n\t\t\t\t\n\t\t<div class=\"block-content\">\n\t\t\t\n\t<section class=\"common-slider carousel-slider ts-contain\">\n\t<div class=\"wrap\">\n\t\t<div class=\"slides tour-slides tour-slides--5\" data-slider=\"carousel\" data-autoplay=\"1\" data-speed=\"2000\" data-parallax>\n\t\t\n\t\t\t\n                \t\t\n\t\t\t\t<div class=\"item common-slider-tour-item\">\n\n\t\t\t\t\t<a href=\"https:\/\/getsegway.hu\/es\/segway-tours-es\/tour-pest-castillo-buda\/\" class=\"image-link media-ratio ratio-1-1\"><img loading=\"lazy\" decoding=\"async\" width=\"370\" height=\"370\" src=\"https:\/\/getsegway.hu\/wp-content\/uploads\/2020\/07\/national-galerie-budapest-768x512.jpg\" class=\"attachment-cheerup-768 size-cheerup-768 wp-post-image\" alt=\"Budapest parlamant on segway tour\" sizes=\"auto, (max-width: 370px) 100vw, 370px\" title=\"Tour por el centro de Pest y el castillo Buda\" srcset=\"https:\/\/getsegway.hu\/wp-content\/uploads\/2020\/07\/national-galerie-budapest-768x512.jpg 768w, https:\/\/getsegway.hu\/wp-content\/uploads\/2020\/07\/national-galerie-budapest-1024x683.jpg 1024w, https:\/\/getsegway.hu\/wp-content\/uploads\/2020\/07\/national-galerie-budapest-1536x1024.jpg 1536w, https:\/\/getsegway.hu\/wp-content\/uploads\/2020\/07\/national-galerie-budapest-450x300.jpg 450w, https:\/\/getsegway.hu\/wp-content\/uploads\/2020\/07\/national-galerie-budapest-1170x780.jpg 1170w, https:\/\/getsegway.hu\/wp-content\/uploads\/2020\/07\/national-galerie-budapest.jpg 1920w\" \/><\/a>\n                    \t\t\t\t\t\n\t\t\t\t\t<div class=\"overlay cf\">\n\n<!--\t\t\t\t\t\t-->                        <span class=\"category\">Tours en Segway<\/span>\n\t\t\t\t\t\t\t\n\t\t\t\t\t\t<h2 class=\"heading\"><a href=\"https:\/\/getsegway.hu\/es\/segway-tours-es\/tour-pest-castillo-buda\/\">Tour por el centro de Pest y el castillo Buda<\/a><\/h2>\n\n                        <div class=\"common-slider-tour-meta\"><div class=\"common-slider-tour-meta__item\"><span class=\"common-slider-tour-meta__meta\">Duraci\u00f3n: <\/span><span class=\"common-slider-tour-meta__value\">120 min<\/span><\/div><div class=\"common-slider-tour-meta__item\"><span class=\"common-slider-tour-meta__meta\">Idioma del gu\u00eda: <\/span><span class=\"common-slider-tour-meta__value\">EN, DE, ES, RU<\/span><\/div><div class=\"common-slider-tour-meta__item\"><span class=\"common-slider-tour-meta__meta\">Precio desde: <\/span><span class=\"common-slider-tour-meta__value\">55 \u20ac <\/span><\/div><\/div>\t\t\t\t\t\t\n\t\t\t\t\t<\/div>\n\t\t\t\t\t\n\t\t\t\t<\/div>\n\t\t\t\t\n\t\t\t\n                \t\t\n\t\t\t\t<div class=\"item common-slider-tour-item\">\n\n\t\t\t\t\t<a href=\"https:\/\/getsegway.hu\/es\/segway-tours-es\/paseo-de-pest-experiencia-en-segway-en-budapest\/\" class=\"image-link media-ratio ratio-1-1\"><img loading=\"lazy\" decoding=\"async\" width=\"370\" height=\"370\" src=\"https:\/\/getsegway.hu\/wp-content\/uploads\/2020\/07\/budapest-parliament-segways-768x512.jpg\" class=\"attachment-cheerup-768 size-cheerup-768 wp-post-image\" alt=\"\" sizes=\"auto, (max-width: 370px) 100vw, 370px\" title=\"Paseo de Pest &#8211; Experiencia en Segway\" srcset=\"https:\/\/getsegway.hu\/wp-content\/uploads\/2020\/07\/budapest-parliament-segways-768x512.jpg 768w, https:\/\/getsegway.hu\/wp-content\/uploads\/2020\/07\/budapest-parliament-segways-1024x683.jpg 1024w, https:\/\/getsegway.hu\/wp-content\/uploads\/2020\/07\/budapest-parliament-segways-1536x1024.jpg 1536w, https:\/\/getsegway.hu\/wp-content\/uploads\/2020\/07\/budapest-parliament-segways-450x300.jpg 450w, https:\/\/getsegway.hu\/wp-content\/uploads\/2020\/07\/budapest-parliament-segways-1170x780.jpg 1170w, https:\/\/getsegway.hu\/wp-content\/uploads\/2020\/07\/budapest-parliament-segways.jpg 1920w\"><\/a>\n                    \t\t\t\t\t\n\t\t\t\t\t<div class=\"overlay cf\">\n\n<!--\t\t\t\t\t\t-->                        <span class=\"category\">Tours en Segway<\/span>\n\t\t\t\t\t\t\t\n\t\t\t\t\t\t<h2 class=\"heading\"><a href=\"https:\/\/getsegway.hu\/es\/segway-tours-es\/paseo-de-pest-experiencia-en-segway-en-budapest\/\">Paseo de Pest &#8211; Experiencia en Segway<\/a><\/h2>\n\n                        <div class=\"common-slider-tour-meta\"><div class=\"common-slider-tour-meta__item\"><span class=\"common-slider-tour-meta__meta\">Duraci\u00f3n: <\/span><span class=\"common-slider-tour-meta__value\">60 min<\/span><\/div><div class=\"common-slider-tour-meta__item\"><span class=\"common-slider-tour-meta__meta\">Idioma del gu\u00eda: <\/span><span class=\"common-slider-tour-meta__value\">EN, DE, ES, RU<\/span><\/div><div class=\"common-slider-tour-meta__item\"><span class=\"common-slider-tour-meta__meta\">Precio desde: <\/span><span class=\"common-slider-tour-meta__value\">35 \u20ac<\/span><\/div><\/div>\t\t\t\t\t\t\n\t\t\t\t\t<\/div>\n\t\t\t\t\t\n\t\t\t\t<\/div>\n\t\t\t\t\n\t\t\t\n                \t\t\n\t\t\t\t<div class=\"item common-slider-tour-item\">\n\n\t\t\t\t\t<a href=\"https:\/\/getsegway.hu\/es\/segway-tours-es\/la-colina-gellert-ciudadela-segway-tour\/\" class=\"image-link media-ratio ratio-1-1\"><img loading=\"lazy\" decoding=\"async\" width=\"370\" height=\"370\" src=\"https:\/\/getsegway.hu\/wp-content\/uploads\/2020\/07\/liberty-statue-budapest-768x512.jpg\" class=\"attachment-cheerup-768 size-cheerup-768 wp-post-image\" alt=\"\" sizes=\"auto, (max-width: 370px) 100vw, 370px\" title=\"La colina Gellert &#8211; Ciudadela Segway Tour\" srcset=\"https:\/\/getsegway.hu\/wp-content\/uploads\/2020\/07\/liberty-statue-budapest-768x512.jpg 768w, https:\/\/getsegway.hu\/wp-content\/uploads\/2020\/07\/liberty-statue-budapest-1024x683.jpg 1024w, https:\/\/getsegway.hu\/wp-content\/uploads\/2020\/07\/liberty-statue-budapest-1536x1024.jpg 1536w, https:\/\/getsegway.hu\/wp-content\/uploads\/2020\/07\/liberty-statue-budapest-450x300.jpg 450w, https:\/\/getsegway.hu\/wp-content\/uploads\/2020\/07\/liberty-statue-budapest-1170x780.jpg 1170w, https:\/\/getsegway.hu\/wp-content\/uploads\/2020\/07\/liberty-statue-budapest.jpg 1920w\"><\/a>\n                    \t\t\t\t\t\n\t\t\t\t\t<div class=\"overlay cf\">\n\n<!--\t\t\t\t\t\t-->                        <span class=\"category\">Tours en Segway<\/span>\n\t\t\t\t\t\t\t\n\t\t\t\t\t\t<h2 class=\"heading\"><a href=\"https:\/\/getsegway.hu\/es\/segway-tours-es\/la-colina-gellert-ciudadela-segway-tour\/\">La colina Gellert &#8211; Ciudadela Segway Tour<\/a><\/h2>\n\n                        <div class=\"common-slider-tour-meta\"><div class=\"common-slider-tour-meta__item\"><span class=\"common-slider-tour-meta__meta\">Duraci\u00f3n: <\/span><span class=\"common-slider-tour-meta__value\">90 min<\/span><\/div><div class=\"common-slider-tour-meta__item\"><span class=\"common-slider-tour-meta__meta\">Idioma del gu\u00eda: <\/span><span class=\"common-slider-tour-meta__value\">EN, DE, ES, RU<\/span><\/div><div class=\"common-slider-tour-meta__item\"><span class=\"common-slider-tour-meta__meta\">Precio desde: <\/span><span class=\"common-slider-tour-meta__value\">45 \u20ac<\/span><\/div><\/div>\t\t\t\t\t\t\n\t\t\t\t\t<\/div>\n\t\t\t\t\t\n\t\t\t\t<\/div>\n\t\t\t\t\n\t\t\t\n                \t\t\n\t\t\t\t<div class=\"item common-slider-tour-item\">\n\n\t\t\t\t\t<a href=\"https:\/\/getsegway.hu\/es\/segway-tours-es\/tour-en-segway-a-la-isla-margaret\/\" class=\"image-link media-ratio ratio-1-1\"><img loading=\"lazy\" decoding=\"async\" width=\"370\" height=\"370\" src=\"https:\/\/getsegway.hu\/wp-content\/uploads\/2020\/07\/margit-island-segway-768x513.jpg\" class=\"attachment-cheerup-768 size-cheerup-768 wp-post-image\" alt=\"Margit island segway tour\" sizes=\"auto, (max-width: 370px) 100vw, 370px\" title=\"Tour en Segway a la Isla Margaret\" srcset=\"https:\/\/getsegway.hu\/wp-content\/uploads\/2020\/07\/margit-island-segway-768x513.jpg 768w, https:\/\/getsegway.hu\/wp-content\/uploads\/2020\/07\/margit-island-segway-1024x684.jpg 1024w, https:\/\/getsegway.hu\/wp-content\/uploads\/2020\/07\/margit-island-segway-1536x1025.jpg 1536w, https:\/\/getsegway.hu\/wp-content\/uploads\/2020\/07\/margit-island-segway-450x300.jpg 450w, https:\/\/getsegway.hu\/wp-content\/uploads\/2020\/07\/margit-island-segway-1170x781.jpg 1170w, https:\/\/getsegway.hu\/wp-content\/uploads\/2020\/07\/margit-island-segway.jpg 1600w\" \/><\/a>\n                    \t\t\t\t\t\n\t\t\t\t\t<div class=\"overlay cf\">\n\n<!--\t\t\t\t\t\t-->                        <span class=\"category\">Tours en Segway<\/span>\n\t\t\t\t\t\t\t\n\t\t\t\t\t\t<h2 class=\"heading\"><a href=\"https:\/\/getsegway.hu\/es\/segway-tours-es\/tour-en-segway-a-la-isla-margaret\/\">Tour en Segway a la Isla Margaret<\/a><\/h2>\n\n                        <div class=\"common-slider-tour-meta\"><div class=\"common-slider-tour-meta__item\"><span class=\"common-slider-tour-meta__meta\">Duraci\u00f3n: <\/span><span class=\"common-slider-tour-meta__value\">90 min<\/span><\/div><div class=\"common-slider-tour-meta__item\"><span class=\"common-slider-tour-meta__meta\">Idioma del gu\u00eda: <\/span><span class=\"common-slider-tour-meta__value\">EN, DE, ES, RU<\/span><\/div><div class=\"common-slider-tour-meta__item\"><span class=\"common-slider-tour-meta__meta\">Precio desde: <\/span><span class=\"common-slider-tour-meta__value\">39 \u20ac<\/span><\/div><\/div>\t\t\t\t\t\t\n\t\t\t\t\t<\/div>\n\t\t\t\t\t\n\t\t\t\t<\/div>\n\t\t\t\t\n\t\t\t\n                \t\t\n\t\t\t\t<div class=\"item common-slider-tour-item\">\n\n\t\t\t\t\t<a href=\"https:\/\/getsegway.hu\/es\/segway-tours-es\/grand-segway-tour-lo-mas-destacado-de-budapest\/\" class=\"image-link media-ratio ratio-1-1\"><img loading=\"lazy\" decoding=\"async\" width=\"370\" height=\"370\" src=\"https:\/\/getsegway.hu\/wp-content\/uploads\/2020\/07\/budapest-sign-segway-768x512.jpg\" class=\"attachment-cheerup-768 size-cheerup-768 wp-post-image\" alt=\"Budapest sign on Monster bikes\" sizes=\"auto, (max-width: 370px) 100vw, 370px\" title=\"Grand Segway Tour: lo m\u00e1s destacado de Budapest\" srcset=\"https:\/\/getsegway.hu\/wp-content\/uploads\/2020\/07\/budapest-sign-segway-768x512.jpg 768w, https:\/\/getsegway.hu\/wp-content\/uploads\/2020\/07\/budapest-sign-segway-1024x683.jpg 1024w, https:\/\/getsegway.hu\/wp-content\/uploads\/2020\/07\/budapest-sign-segway-1536x1024.jpg 1536w, https:\/\/getsegway.hu\/wp-content\/uploads\/2020\/07\/budapest-sign-segway-450x300.jpg 450w, https:\/\/getsegway.hu\/wp-content\/uploads\/2020\/07\/budapest-sign-segway-1170x780.jpg 1170w, https:\/\/getsegway.hu\/wp-content\/uploads\/2020\/07\/budapest-sign-segway.jpg 1920w\" \/><\/a>\n                    \t\t\t\t\t\n\t\t\t\t\t<div class=\"overlay cf\">\n\n<!--\t\t\t\t\t\t-->                        <span class=\"category\">Tours en Segway<\/span>\n\t\t\t\t\t\t\t\n\t\t\t\t\t\t<h2 class=\"heading\"><a href=\"https:\/\/getsegway.hu\/es\/segway-tours-es\/grand-segway-tour-lo-mas-destacado-de-budapest\/\">Grand Segway Tour: lo m\u00e1s destacado de Budapest<\/a><\/h2>\n\n                        <div class=\"common-slider-tour-meta\"><div class=\"common-slider-tour-meta__item\"><span class=\"common-slider-tour-meta__meta\">Duraci\u00f3n: <\/span><span class=\"common-slider-tour-meta__value\">180 min<\/span><\/div><div class=\"common-slider-tour-meta__item\"><span class=\"common-slider-tour-meta__meta\">Idioma del gu\u00eda: <\/span><span class=\"common-slider-tour-meta__value\">EN, DE, ES, RU<\/span><\/div><div class=\"common-slider-tour-meta__item\"><span class=\"common-slider-tour-meta__meta\">Precio desde: <\/span><span class=\"common-slider-tour-meta__value\">69 \u20ac<\/span><\/div><\/div>\t\t\t\t\t\t\n\t\t\t\t\t<\/div>\n\t\t\t\t\t\n\t\t\t\t<\/div>\n\t\t\t\t\n\t\t\t\t\t<\/div>\n\t<\/div>\n\t<\/section>\n\t\n\t\t\t<\/div>\n\t\n\t<\/section>\n\n[\/vc_column][\/vc_row]<\/p>\n<\/div>","protected":false},"excerpt":{"rendered":"<p>[vc_row][vc_column][vc_toggle title=\u00bb\u00bfD\u00f3nde nos reunimos para nuestro tour?\u00bb style=\u00bbsquare_outline\u00bb open=\u00bbtrue\u00bb]Meet your guide at the GetSegway\u2122 office on Haris k\u00f6z 4, Budapest 1052. [\/vc_toggle][vc_toggle title=\u00bb\u00bfHay una gu\u00eda en vivo disponible en mi idioma?\u00bb style=\u00bbsquare_outline\u00bb open=\u00bbtrue\u00bb]Nuestros tours cuentan con gu\u00edas tur\u00edsticos en vivo en los siguientes idiomas: ingl\u00e9s, franc\u00e9s, alem\u00e1n, ruso, espa\u00f1ol, \u00e1rabe y h\u00fangaro.[\/vc_toggle][vc_toggle title=\u00bb\u00bfCu\u00e1l es la<\/p>\n","protected":false},"author":2,"featured_media":0,"parent":0,"menu_order":0,"comment_status":"closed","ping_status":"closed","template":"page-blocks.php","meta":{"_acf_changed":false,"_joinchat":[],"footnotes":""},"class_list":["post-482","page","type-page","status-publish"],"acf":[],"_links":{"self":[{"href":"https:\/\/getsegway.hu\/es\/wp-json\/wp\/v2\/pages\/482","targetHints":{"allow":["GET"]}}],"collection":[{"href":"https:\/\/getsegway.hu\/es\/wp-json\/wp\/v2\/pages"}],"about":[{"href":"https:\/\/getsegway.hu\/es\/wp-json\/wp\/v2\/types\/page"}],"author":[{"embeddable":true,"href":"https:\/\/getsegway.hu\/es\/wp-json\/wp\/v2\/users\/2"}],"replies":[{"embeddable":true,"href":"https:\/\/getsegway.hu\/es\/wp-json\/wp\/v2\/comments?post=482"}],"version-history":[{"count":18,"href":"https:\/\/getsegway.hu\/es\/wp-json\/wp\/v2\/pages\/482\/revisions"}],"predecessor-version":[{"id":6174,"href":"https:\/\/getsegway.hu\/es\/wp-json\/wp\/v2\/pages\/482\/revisions\/6174"}],"wp:attachment":[{"href":"https:\/\/getsegway.hu\/es\/wp-json\/wp\/v2\/media?parent=482"}],"curies":[{"name":"wp","href":"https:\/\/api.w.org\/{rel}","templated":true}]}}