{"id":457,"date":"2020-07-12T16:36:55","date_gmt":"2020-07-12T14:36:55","guid":{"rendered":"https:\/\/getsegway.hu\/contacto\/"},"modified":"2023-01-23T16:58:19","modified_gmt":"2023-01-23T15:58:19","slug":"contacto","status":"publish","type":"page","link":"https:\/\/getsegway.hu\/es\/contacto\/","title":{"rendered":"Contacto"},"content":{"rendered":"<div class=\"wpb-content-wrapper\"><p>[vc_row][vc_column][vc_column_text single_style=\u00bb\u00bb]<\/p>\n<h1><u><strong>Budapest SEGWAY TOURS &#8211; Contacto<\/strong><\/u><\/h1>\n<p>[\/vc_column_text][vc_row_inner][vc_column_inner width=\u00bb1\/2&#8243;][vc_column_text single_style=\u00bb\u00bb]<\/p>\n<h4 style=\"margin-top: 0;\"><strong>El Punto de Encuentro (nuestra oficina):\u00a0<\/strong><\/h4>\n<h5 style=\"margin-bottom: 4px;\">calle Galamb 5, Budapest 1052<\/h5>\n<p><a href=\"https:\/\/goo.gl\/maps\/6SE5ueQTg7wFBNcU8\" target=\"_blank\" rel=\"noreferrer noopener\">Ver direcci\u00f3n en Google Map<\/a> \u00bb<br \/>\nEst\u00e1 a solo 30 metros del KFC en la calle Vaci.<\/p>\n<p><strong>Tel\u00e9fono: <a href=\"tel:+3618001945\">+36 1800 1945<\/a><\/strong><br \/>\n<strong>M\u00f3vil: <a href=\"tel:+36703098434\">+36 703 098 434<\/a><\/strong><br \/>\n<strong>WhatsApp: <a href=\"https:\/\/wa.me\/36703098434\" target=\"_blank\" rel=\"noreferrer noopener nofollow\">+36 703 098 434<\/a><\/strong><\/p>\n<p>Email: <a href=\"mailto:info@getsegway.hu\">info@getsegway.hu<\/a>[\/vc_column_text][\/vc_column_inner][vc_column_inner width=\u00bb1\/2&#8243;][vc_single_image image=\u00bb153&#8243; img_size=\u00bbfull\u00bb alignment=\u00bbright\u00bb style=\u00bbvc_box_outline\u00bb][\/vc_column_inner][\/vc_row_inner][vc_row_inner][vc_column_inner width=\u00bb1\/2&#8243;][\/vc_column_inner][vc_column_inner width=\u00bb1\/2&#8243;][\/vc_column_inner][\/vc_row_inner][vc_row_inner][vc_column_inner][vc_column_text single_style=\u00bb\u00bb]<strong>Tenga en cuenta que los recorridos en Segway duran como 15 minutos m\u00e1s que el tiempo de recorrido \u00abpuro\u00bb. <\/strong>Proporcionamos tiempo adicional (sin cargo) para la capacitaci\u00f3n en seguridad y la prueba de manejo supervisada.<\/p>\n<p>Aceptamos efectivo (HUF, EUR, USD), tarjetas \u00a0<img loading=\"lazy\" decoding=\"async\" src=\"\/wp-content\/themes\/cheerup-child\/img\/karty.gif\" alt=\"Tarjetas de cr\u00e9dito\" width=\"170\" height=\"30\" align=\"absMiddle\" title=\"\"> a trav\u00e9s de la puerta de PayPal y PayPal.[\/vc_column_text][\/vc_column_inner][\/vc_row_inner][vc_row_inner][vc_column_inner][vc_custom_heading text=\u00bb\u00bfA\u00fan tienes preguntas?\u00bb google_fonts=\u00bbfont_family:Roboto%3A100%2C100italic%2C300%2C300italic%2Cregular%2Citalic%2C500%2C500italic%2C700%2C700italic%2C900%2C900italic|font_style:500%20bold%20regular%3A500%3Anormal\u00bb css=\u00bb.vc_custom_1583080254627{margin-bottom: 20px !important;}\u00bb]\n<div class=\"wpcf7 no-js\" id=\"wpcf7-f1260-o1\" lang=\"es-ES\" dir=\"ltr\" data-wpcf7-id=\"1260\">\n<div class=\"screen-reader-response\"><p role=\"status\" aria-live=\"polite\" aria-atomic=\"true\"><\/p> <ul><\/ul><\/div>\n<form action=\"\/es\/wp-json\/wp\/v2\/pages\/457#wpcf7-f1260-o1\" method=\"post\" class=\"wpcf7-form init\" aria-label=\"Formulario de contacto\" novalidate=\"novalidate\" data-status=\"init\">\n<fieldset class=\"hidden-fields-container\"><input type=\"hidden\" name=\"_wpcf7\" value=\"1260\" \/><input type=\"hidden\" name=\"_wpcf7_version\" value=\"6.1.5\" \/><input type=\"hidden\" name=\"_wpcf7_locale\" value=\"es_ES\" \/><input type=\"hidden\" name=\"_wpcf7_unit_tag\" value=\"wpcf7-f1260-o1\" \/><input type=\"hidden\" name=\"_wpcf7_container_post\" value=\"0\" \/><input type=\"hidden\" name=\"_wpcf7_posted_data_hash\" value=\"\" \/><input type=\"hidden\" name=\"_wpcf7_recaptcha_response\" value=\"\" \/>\n<\/fieldset>\n<div class=\"contact-form\">\n\t<div class=\"contact-form-control\">\n\t\t<p><label style=\"display:block;height:0;font-size:0;\" for=\"your-name\">Nombre completo *<\/label><span class=\"wpcf7-form-control-wrap\" data-name=\"your-name\"><input size=\"40\" maxlength=\"400\" class=\"wpcf7-form-control wpcf7-text wpcf7-validates-as-required\" id=\"your-name\" aria-required=\"true\" aria-invalid=\"false\" placeholder=\"Nombre completo *\" value=\"\" type=\"text\" name=\"your-name\" \/><\/span>\n\t\t<\/p>\n\t<\/div>\n\t<div class=\"contact-form-control\">\n\t\t<p><label style=\"display:block;height:0;font-size:0;\" for=\"your-email\">Email *<\/label><span class=\"wpcf7-form-control-wrap\" data-name=\"your-email\"><input size=\"40\" maxlength=\"400\" class=\"wpcf7-form-control wpcf7-email wpcf7-validates-as-required wpcf7-text wpcf7-validates-as-email\" id=\"your-email\" aria-required=\"true\" aria-invalid=\"false\" placeholder=\"Email *\" value=\"\" type=\"email\" name=\"your-email\" \/><\/span>\n\t\t<\/p>\n\t<\/div>\n\t<div class=\"contact-form-control\">\n\t\t<p><label style=\"display:block;height:0;font-size:0;\" for=\"your-phone\">Tel\u00e9fono<\/label><span class=\"wpcf7-form-control-wrap\" data-name=\"your-phone\"><input size=\"40\" maxlength=\"400\" class=\"wpcf7-form-control wpcf7-text\" id=\"your-phone\" aria-invalid=\"false\" placeholder=\"Tel\u00e9fono\" value=\"\" type=\"text\" name=\"your-phone\" \/><\/span>\n\t\t<\/p>\n\t<\/div>\n\t<div class=\"contact-form-control contact-form-control--message\">\n\t\t<p><label style=\"display:block;height:0;font-size:0;\" for=\"your-message\">Tu mensaje *<\/label><span class=\"wpcf7-form-control-wrap\" data-name=\"your-message\"><textarea cols=\"40\" rows=\"4\" maxlength=\"2000\" class=\"wpcf7-form-control wpcf7-textarea wpcf7-validates-as-required\" id=\"your-message\" aria-required=\"true\" aria-invalid=\"false\" placeholder=\"Tu mensaje *\" name=\"your-message\"><\/textarea><\/span>\n\t\t<\/p>\n\t<\/div>\n\t<div class=\"contact-form-control contact-form-control--submit\">\n\t\t<div class=\"cf7-cf-turnstile\" style=\"margin-top: 0px; margin-bottom: -15px;\"> <div id=\"cf-turnstile-cf7-2935131548\" class=\"cf-turnstile\" data-sitekey=\"0x4AAAAAAAP5No0Db-B9-Wv_\" data-theme=\"light\" data-language=\"auto\" data-size=\"\" data-retry=\"auto\" data-retry-interval=\"1000\" data-refresh-expired=\"auto\" data-refresh-timeout=\"auto\" data-action=\"contact-form-7\" data-callback=\"turnstileCF7Callback\" data-error-callback=\"cfturnstileErrorCallback\" data-appearance=\"always\"><\/div> <div class=\"cf-turnstile-failed-text cf-turnstile-failed-text-cf7-2935131548\"><\/div> <script> function cfturnstileErrorCallback() { var cfTurnstileFailedText = document.querySelector('.cf-turnstile-failed-text-cf7-2935131548'); cfTurnstileFailedText.innerHTML = '<p><i>No se ha podido verificar que eres humano. Ponte en contacto con nosotros si tienes problemas.<\/i><\/p>'; } function cfturnstileCallback() { var cfTurnstileFailedText = document.querySelector('.cf-turnstile-failed-text-cf7-2935131548'); cfTurnstileFailedText.innerHTML = ''; } <\/script> <script>document.addEventListener(\"DOMContentLoaded\", function() { setTimeout(function(){ var e=document.getElementById(\"cf-turnstile-cf7-2935131548\"); if(e&&!e.innerHTML.trim()){turnstile.render(e, {sitekey:\"0x4AAAAAAAP5No0Db-B9-Wv_\"});} }, 200); });<\/script> <br class=\"cf-turnstile-br cf-turnstile-br-cf7-2935131548\"> <style>#cf-turnstile-cf7-2935131548 { margin-left: -15px; }<\/style> <script>document.addEventListener(\"DOMContentLoaded\",function(){document.querySelectorAll('.wpcf7-form').forEach(function(e){e.addEventListener('submit',function(){if(document.getElementById('cf-turnstile-cf7-2935131548')){setTimeout(function(){turnstile.reset('#cf-turnstile-cf7-2935131548');},1000)}})})});<\/script> <\/div><br \/>\n<input class=\"wpcf7-form-control wpcf7-submit has-spinner\" type=\"submit\" value=\"Enviar\" \/>\n\t\t<\/p>\n\t<\/div>\n<\/div><p style=\"display: none !important;\" class=\"akismet-fields-container\" data-prefix=\"_wpcf7_ak_\"><label>&#916;<textarea name=\"_wpcf7_ak_hp_textarea\" cols=\"45\" rows=\"8\" maxlength=\"100\"><\/textarea><\/label><input type=\"hidden\" id=\"ak_js_1\" name=\"_wpcf7_ak_js\" value=\"168\"\/><script>document.getElementById( \"ak_js_1\" ).setAttribute( \"value\", ( new Date() ).getTime() );<\/script><\/p><div class=\"wpcf7-response-output\" aria-hidden=\"true\"><\/div>\n<\/form>\n<\/div>\n[\/vc_column_inner][\/vc_row_inner][\/vc_column][\/vc_row]<\/p>\n<\/div>","protected":false},"excerpt":{"rendered":"<p>[vc_row][vc_column][vc_column_text single_style=\u00bb\u00bb] Budapest SEGWAY TOURS &#8211; Contacto [\/vc_column_text][vc_row_inner][vc_column_inner width=\u00bb1\/2&#8243;][vc_column_text single_style=\u00bb\u00bb] El Punto de Encuentro (nuestra oficina):\u00a0 calle Galamb 5, Budapest 1052 Ver direcci\u00f3n en Google Map \u00bb Est\u00e1 a solo 30 metros del KFC en la calle Vaci. Tel\u00e9fono: +36 1800 1945 M\u00f3vil: +36 703 098 434 WhatsApp: +36 703 098 434 Email: info@getsegway.hu[\/vc_column_text][\/vc_column_inner][vc_column_inner width=\u00bb1\/2&#8243;][vc_single_image<\/p>\n","protected":false},"author":2,"featured_media":0,"parent":0,"menu_order":0,"comment_status":"closed","ping_status":"closed","template":"page-blocks.php","meta":{"_acf_changed":false,"_joinchat":[],"footnotes":""},"class_list":["post-457","page","type-page","status-publish"],"acf":[],"_links":{"self":[{"href":"https:\/\/getsegway.hu\/es\/wp-json\/wp\/v2\/pages\/457","targetHints":{"allow":["GET"]}}],"collection":[{"href":"https:\/\/getsegway.hu\/es\/wp-json\/wp\/v2\/pages"}],"about":[{"href":"https:\/\/getsegway.hu\/es\/wp-json\/wp\/v2\/types\/page"}],"author":[{"embeddable":true,"href":"https:\/\/getsegway.hu\/es\/wp-json\/wp\/v2\/users\/2"}],"replies":[{"embeddable":true,"href":"https:\/\/getsegway.hu\/es\/wp-json\/wp\/v2\/comments?post=457"}],"version-history":[{"count":24,"href":"https:\/\/getsegway.hu\/es\/wp-json\/wp\/v2\/pages\/457\/revisions"}],"predecessor-version":[{"id":7226,"href":"https:\/\/getsegway.hu\/es\/wp-json\/wp\/v2\/pages\/457\/revisions\/7226"}],"wp:attachment":[{"href":"https:\/\/getsegway.hu\/es\/wp-json\/wp\/v2\/media?parent=457"}],"curies":[{"name":"wp","href":"https:\/\/api.w.org\/{rel}","templated":true}]}}