{"id":995,"date":"2020-07-12T16:36:55","date_gmt":"2020-07-12T14:36:55","guid":{"rendered":"https:\/\/getsegway.hu\/kontakt\/"},"modified":"2023-01-23T16:57:45","modified_gmt":"2023-01-23T15:57:45","slug":"kontakt","status":"publish","type":"page","link":"https:\/\/getsegway.hu\/de\/kontakt\/","title":{"rendered":"Kontakt"},"content":{"rendered":"<div class=\"wpb-content-wrapper\"><p>[vc_row][vc_column][vc_column_text single_style=&#8220;&#8220;]<\/p>\n<h1><u><strong>Budapest SEGWAY TOURS \u2014 Kontakt<\/strong><\/u><\/h1>\n<p>[\/vc_column_text][vc_row_inner][vc_column_inner width=&#8220;1\/2&#8243;][vc_column_text single_style=&#8220;&#8220;]<\/p>\n<h4 style=\"margin-top: 0;\"><strong>Der Treffpunkt (unser B\u00fcro):\u00a0<\/strong><\/h4>\n<h5 style=\"margin-bottom: 4px;\">Galamb utca 5, Budapest 1052<\/h5>\n<p><a href=\"https:\/\/goo.gl\/maps\/6SE5ueQTg7wFBNcU8\" target=\"_blank\" rel=\"noreferrer noopener\">Adresse auf der Google Map anzeigen<\/a> \u00bb<br \/>\nEs ist nur 30 Meter vom KFC entfernt in der Vaci-Stra\u00dfe.<\/p>\n<p><strong>tel: <a href=\"tel:+3618001945\">+36 1800 1945<\/a><\/strong><br \/>\n<strong>Mobile: <a href=\"tel:+36703098434\">+36 703 098 434<\/a><\/strong><br \/>\n<strong>WhatsApp: <a href=\"https:\/\/wa.me\/36703098434\" target=\"_blank\" rel=\"noreferrer noopener nofollow\">+36 703 098 434<\/a><\/strong><\/p>\n<p>Email: <a href=\"mailto:info@getsegway.hu\">info@getsegway.hu<\/a>[\/vc_column_text][\/vc_column_inner][vc_column_inner width=&#8220;1\/2&#8243;][vc_single_image image=&#8220;153&#8243; img_size=&#8220;full&#8220; alignment=&#8220;right&#8220; style=&#8220;vc_box_outline&#8220;][\/vc_column_inner][\/vc_row_inner][vc_row_inner][vc_column_inner width=&#8220;1\/2&#8243;][\/vc_column_inner][vc_column_inner width=&#8220;1\/2&#8243;][\/vc_column_inner][\/vc_row_inner][vc_row_inner][vc_column_inner][vc_column_text single_style=&#8220;&#8220;]<strong>Bitte beachten Sie, dass Segway-Touren etwa 15 Minuten l\u00e4nger sind als die &#8222;reine&#8220; Tourzeit. <\/strong>Wir stellen zus\u00e4tzliche Zeit (kostenlos) f\u00fcr das Sicherheitstraining und die betreute Probefahrt zur Verf\u00fcgung.<\/p>\n<p>Wir akzeptieren Bargeld (HUF, EUR, USD), Karten \u00a0<img loading=\"lazy\" decoding=\"async\" src=\"\/wp-content\/themes\/cheerup-child\/img\/karty.gif\" alt=\"Kreditkarten\" width=\"170\" height=\"30\" align=\"absMiddle\" title=\"\"> \u00fcber PayPal Gate und PayPal.[\/vc_column_text][\/vc_column_inner][\/vc_row_inner][vc_row_inner][vc_column_inner][vc_custom_heading text=&#8220;Haben Sie noch Fragen?&#8220; google_fonts=&#8220;font_family:Roboto%3A100%2C100italic%2C300%2C300italic%2Cregular%2Citalic%2C500%2C500italic%2C700%2C700italic%2C900%2C900italic|font_style:500%20bold%20regular%3A500%3Anormal&#8220; css=&#8220;.vc_custom_1583080254627{margin-bottom: 20px !important;}&#8220;]\n<div class=\"wpcf7 no-js\" id=\"wpcf7-f1256-o1\" lang=\"de-DE\" dir=\"ltr\" data-wpcf7-id=\"1256\">\n<div class=\"screen-reader-response\"><p role=\"status\" aria-live=\"polite\" aria-atomic=\"true\"><\/p> <ul><\/ul><\/div>\n<form action=\"\/de\/wp-json\/wp\/v2\/pages\/995#wpcf7-f1256-o1\" method=\"post\" class=\"wpcf7-form init\" aria-label=\"Kontaktformular\" novalidate=\"novalidate\" data-status=\"init\">\n<fieldset class=\"hidden-fields-container\"><input type=\"hidden\" name=\"_wpcf7\" value=\"1256\" \/><input type=\"hidden\" name=\"_wpcf7_version\" value=\"6.1.5\" \/><input type=\"hidden\" name=\"_wpcf7_locale\" value=\"de_DE\" \/><input type=\"hidden\" name=\"_wpcf7_unit_tag\" value=\"wpcf7-f1256-o1\" \/><input type=\"hidden\" name=\"_wpcf7_container_post\" value=\"0\" \/><input type=\"hidden\" name=\"_wpcf7_posted_data_hash\" value=\"\" \/><input type=\"hidden\" name=\"_wpcf7_recaptcha_response\" value=\"\" \/>\n<\/fieldset>\n<div class=\"contact-form\">\n\t<div class=\"contact-form-control\">\n\t\t<p><span class=\"wpcf7-form-control-wrap\" data-name=\"your-name\"><input size=\"40\" maxlength=\"400\" class=\"wpcf7-form-control wpcf7-text wpcf7-validates-as-required\" aria-required=\"true\" aria-invalid=\"false\" placeholder=\"Vollst\u00e4ndiger Name *\" value=\"\" type=\"text\" name=\"your-name\" \/><\/span>\n\t\t<\/p>\n\t<\/div>\n\t<div class=\"contact-form-control\">\n\t\t<p><span class=\"wpcf7-form-control-wrap\" data-name=\"your-email\"><input size=\"40\" maxlength=\"400\" class=\"wpcf7-form-control wpcf7-email wpcf7-validates-as-required wpcf7-text wpcf7-validates-as-email\" aria-required=\"true\" aria-invalid=\"false\" placeholder=\"Email *\" value=\"\" type=\"email\" name=\"your-email\" \/><\/span>\n\t\t<\/p>\n\t<\/div>\n\t<div class=\"contact-form-control\">\n\t\t<p><span class=\"wpcf7-form-control-wrap\" data-name=\"your-phone\"><input size=\"40\" maxlength=\"400\" class=\"wpcf7-form-control wpcf7-text\" aria-invalid=\"false\" placeholder=\"Telefonnummer\" value=\"\" type=\"text\" name=\"your-phone\" \/><\/span>\n\t\t<\/p>\n\t<\/div>\n\t<div class=\"contact-form-control contact-form-control--message\">\n\t\t<p><span class=\"wpcf7-form-control-wrap\" data-name=\"your-message\"><textarea cols=\"40\" rows=\"4\" maxlength=\"2000\" class=\"wpcf7-form-control wpcf7-textarea wpcf7-validates-as-required\" aria-required=\"true\" aria-invalid=\"false\" placeholder=\"Deine Nachricht *\" name=\"your-message\"><\/textarea><\/span>\n\t\t<\/p>\n\t<\/div>\n\t<div class=\"contact-form-control contact-form-control--submit\">\n\t\t<div class=\"cf7-cf-turnstile\" style=\"margin-top: 0px; margin-bottom: -15px;\"> <div id=\"cf-turnstile-cf7-685894915\" class=\"cf-turnstile\" data-sitekey=\"0x4AAAAAAAP5No0Db-B9-Wv_\" data-theme=\"light\" data-language=\"auto\" data-size=\"\" data-retry=\"auto\" data-retry-interval=\"1000\" data-refresh-expired=\"auto\" data-refresh-timeout=\"auto\" data-action=\"contact-form-7\" data-callback=\"turnstileCF7Callback\" data-error-callback=\"cfturnstileErrorCallback\" data-appearance=\"always\"><\/div> <div class=\"cf-turnstile-failed-text cf-turnstile-failed-text-cf7-685894915\"><\/div> <script> function cfturnstileErrorCallback() { var cfTurnstileFailedText = document.querySelector('.cf-turnstile-failed-text-cf7-685894915'); cfTurnstileFailedText.innerHTML = '<p><i>Failed to verify you are human. Please contact us if you are having issues.<\/i><\/p>'; } function cfturnstileCallback() { var cfTurnstileFailedText = document.querySelector('.cf-turnstile-failed-text-cf7-685894915'); cfTurnstileFailedText.innerHTML = ''; } <\/script> <script>document.addEventListener(\"DOMContentLoaded\", function() { setTimeout(function(){ var e=document.getElementById(\"cf-turnstile-cf7-685894915\"); if(e&&!e.innerHTML.trim()){turnstile.render(e, {sitekey:\"0x4AAAAAAAP5No0Db-B9-Wv_\"});} }, 200); });<\/script> <br class=\"cf-turnstile-br cf-turnstile-br-cf7-685894915\"> <style>#cf-turnstile-cf7-685894915 { margin-left: -15px; }<\/style> <script>document.addEventListener(\"DOMContentLoaded\",function(){document.querySelectorAll('.wpcf7-form').forEach(function(e){e.addEventListener('submit',function(){if(document.getElementById('cf-turnstile-cf7-685894915')){setTimeout(function(){turnstile.reset('#cf-turnstile-cf7-685894915');},1000)}})})});<\/script> <\/div><br \/>\n<input class=\"wpcf7-form-control wpcf7-submit has-spinner\" type=\"submit\" value=\"Absenden\" \/>\n\t\t<\/p>\n\t<\/div>\n<\/div><p style=\"display: none !important;\" class=\"akismet-fields-container\" data-prefix=\"_wpcf7_ak_\"><label>&#916;<textarea name=\"_wpcf7_ak_hp_textarea\" cols=\"45\" rows=\"8\" maxlength=\"100\"><\/textarea><\/label><input type=\"hidden\" id=\"ak_js_1\" name=\"_wpcf7_ak_js\" value=\"192\"\/><script>document.getElementById( \"ak_js_1\" ).setAttribute( \"value\", ( new Date() ).getTime() );<\/script><\/p><div class=\"wpcf7-response-output\" aria-hidden=\"true\"><\/div>\n<\/form>\n<\/div>\n[\/vc_column_inner][\/vc_row_inner][\/vc_column][\/vc_row]<\/p>\n<\/div>","protected":false},"excerpt":{"rendered":"<p>[vc_row][vc_column][vc_column_text single_style=&#8220;&#8220;] Budapest SEGWAY TOURS \u2014 Kontakt [\/vc_column_text][vc_row_inner][vc_column_inner width=&#8220;1\/2&#8243;][vc_column_text single_style=&#8220;&#8220;] Der Treffpunkt (unser B\u00fcro):\u00a0 Galamb utca 5, Budapest 1052 Adresse auf der Google Map anzeigen \u00bb Es ist nur 30 Meter vom KFC entfernt in der Vaci-Stra\u00dfe. tel: +36 1800 1945 Mobile: +36 703 098 434 WhatsApp: +36 703 098 434 Email: info@getsegway.hu[\/vc_column_text][\/vc_column_inner][vc_column_inner width=&#8220;1\/2&#8243;][vc_single_image image=&#8220;153&#8243;<\/p>\n","protected":false},"author":2,"featured_media":0,"parent":0,"menu_order":0,"comment_status":"closed","ping_status":"closed","template":"page-blocks.php","meta":{"_acf_changed":false,"_joinchat":[],"footnotes":""},"class_list":["post-995","page","type-page","status-publish"],"acf":[],"_links":{"self":[{"href":"https:\/\/getsegway.hu\/de\/wp-json\/wp\/v2\/pages\/995","targetHints":{"allow":["GET"]}}],"collection":[{"href":"https:\/\/getsegway.hu\/de\/wp-json\/wp\/v2\/pages"}],"about":[{"href":"https:\/\/getsegway.hu\/de\/wp-json\/wp\/v2\/types\/page"}],"author":[{"embeddable":true,"href":"https:\/\/getsegway.hu\/de\/wp-json\/wp\/v2\/users\/2"}],"replies":[{"embeddable":true,"href":"https:\/\/getsegway.hu\/de\/wp-json\/wp\/v2\/comments?post=995"}],"version-history":[{"count":26,"href":"https:\/\/getsegway.hu\/de\/wp-json\/wp\/v2\/pages\/995\/revisions"}],"predecessor-version":[{"id":7220,"href":"https:\/\/getsegway.hu\/de\/wp-json\/wp\/v2\/pages\/995\/revisions\/7220"}],"wp:attachment":[{"href":"https:\/\/getsegway.hu\/de\/wp-json\/wp\/v2\/media?parent=995"}],"curies":[{"name":"wp","href":"https:\/\/api.w.org\/{rel}","templated":true}]}}