{"id":1276,"date":"2020-07-18T12:52:19","date_gmt":"2020-07-18T12:52:19","guid":{"rendered":"https:\/\/getsegway.hu\/fragen-und-antworten\/"},"modified":"2022-10-27T16:05:12","modified_gmt":"2022-10-27T14:05:12","slug":"fragen-und-antworten","status":"publish","type":"page","link":"https:\/\/getsegway.hu\/de\/fragen-und-antworten\/","title":{"rendered":"Fragen und Antworten"},"content":{"rendered":"<div class=\"wpb-content-wrapper\"><p>[vc_row][vc_column][vc_toggle title=&#8220;Wo befindet sich der Treffpunkt und startet die Tour?&#8220; style=&#8220;square_outline&#8220; open=&#8220;true&#8220;]Ihr Guide wartet auf die Gruppe im B\u00fcro GetSegway\u2122 per Adresse:  <a href=\"https:\/\/g.page\/GetSegwayBudapest\" target=\"_blank\" rel=\"noopener noreferrer\">Haris k\u00f6z 4, Budapest 1052<\/a>.  Es liegt 30 m weit von KFC in der V\u00e1ci Stra\u00dfe. [\/vc_toggle][vc_toggle title=&#8220;Ob der Guide meine Sprache spricht?&#8220; style=&#8220;square_outline&#8220; open=&#8220;true&#8220;]Unsere SegwayTouren werden von ortseingesessenen Guiden in folgenden Sprachen durchgef\u00fchrt: Englisch, Deutsch, Russisch, Spanisch und Ungarisch. Nach vorheriger Vereinbarung sind Touren in Franz\u00f6sisch, Arabisch und Iwrit m\u00f6glich.[\/vc_toggle][vc_toggle title=&#8220;Was ist das Mindestalter der Teilnehmer f\u00fcr das Fahren auf einem SEGWAY?&#8220; style=&#8220;square_outline&#8220; open=&#8220;true&#8220;]Das Mindestalter um mit uns Segway zu fahren betr\u00e4gt 8 Jahre. Das Kind sollte in der Lage sein, alle Anweisungen unseres F\u00fchrers zu verstehen und zu befolgen. Kinder sollten von einem verantwortlichen Erwachsenen begleitet werden.<br \/>\n[\/vc_toggle][vc_toggle title=&#8220;Was tun, wenn es regnet?&#8220; style=&#8220;square_outline&#8220; open=&#8220;true&#8220;]Wir f\u00fchren unsere Touren bei beliebigem Wetter durch.  Segways sind f\u00fcr den Einsatz bei allen Wetterbedingungen ausgelegt.  Wenn es regnet, stellen wir allen Segway Tour Teilnehmern Regenm\u00e4ntel zur Verf\u00fcgung (kostenlos). Wenn es in Str\u00f6men regnet oder ein starker Wind geht, bieten wir Ihnen alternative Startzeit der Stadtf\u00fchrung an.[\/vc_toggle][vc_toggle title=&#8220;Was ist ein Segway und wie funktioniert es?&#8220; style=&#8220;square_outline&#8220; open=&#8220;true&#8220;]Der Segway Personal Transporter ist ein selbstbalancierendes elektrisch angetriebenes Einpersonen-Fahrzeug. Mit Abmessungen, nicht gr\u00f6\u00dfer als der K\u00f6rper eines durchschnittlichen Erwachsenen und der F\u00e4higkeit, den menschlichen Gleichgewichtssinn nachzuahmen, nimmt der Segway-PT nicht mehr Platz in Anspruch, als ein Fu\u00dfg\u00e4nger und kann \u00fcberall dort fahren, wo auch jemand gehen kann. Der Segway verf\u00fcgt \u00fcber eine Gyroskope und Neigungssensoren, die Bewegungen des K\u00f6rpers \u00fcberwachen. Wenn sich der Fahrer leicht nach vorne lehnt, bewegt sich der Segway-PT vorw\u00e4rts. Wenn sich der Fahrer leicht nach hinten lehnt, bewegt sich der Segway-PT zur\u00fcck. Der Segway ist intuitiv und sehr leicht zu bedienen, denn das System mit Geschwindigkeit von 100mal pro Sekunde ausbalanciert und  \u00fcberwacht wird.[\/vc_toggle][vc_toggle title=&#8220;Ist es m\u00f6glich, w\u00e4hrend der Tour Fotos zu machen?&#8220; style=&#8220;square_outline&#8220; open=&#8220;true&#8220;]<\/p>\n<div class=\"wpb_text_column wpb_content_element \">\n<div class=\"wpb_wrapper\">\n<p>Zweifellos.  In jeder Segway Tour machen wir mehrere Pausen, um zu fotografieren. Vergessen Sie nicht Ihr Smartphone oder Ihre Kamera mitzunehmen &#8211; unsere Guides kennen gut die besten Orte zum Fotografieren aus ungew\u00f6hnlicher Perspektive, so dass Sie einmalige Aufnahmen haben werden!\n<\/p><\/div>\n<\/div>\n<p>[\/vc_toggle][vc_toggle title=&#8220;Wie gro\u00df sind die Gruppen bei den Segway-Touren?&#8220; style=&#8220;square_outline&#8220; open=&#8220;true&#8220;]<\/p>\n<div class=\"wpb_text_column wpb_content_element \">\n<div class=\"wpb_wrapper\">\n<p>Wir legen gro\u00dfen Wert auf H\u00f6chstma\u00df an Komfort.  Wir haben uns selbst ein Limit von 8 Teilnehmern pro Guide gesetzt. Wenn Ihre Gruppe gr\u00f6\u00dfer ist, werden weitere Guides eingesetzt, so dass  8 Teilnehmer jeweils einen Guide hat. Wenn Sie eine Stadtf\u00fchrung ohne fremde Personen in der Gruppe vorziehen, w\u00e4hlen Sie bei der Buchung der Tour die Variante &#8222;Individuelle Tour&#8220;.\n<\/p><\/div>\n<\/div>\n<p>[\/vc_toggle][vc_toggle title=&#8220;Wir sind eine Familie mit Kindern. D\u00fcrfen wir an einer Segway Tour teilnehmen?&#8220; style=&#8220;square_outline&#8220; open=&#8220;true&#8220;]Das Segwayfahren ist ungef\u00e4hrlich, insbesondere  weil Reiserouten gr\u00fcndlich ausgearbeitet sind. Vor der Fahrt ist f\u00fcr alle Tour-Teilnehmer individuelles Training mit unseren erfahrenen Guides vorgesehen. F\u00fcr Familien mit Kindern sind nur private Touren zu empfehlen, damit die Tour sicher ist und Spa\u00df macht. An Segway Touren d\u00fcrfen Kinder ab 8 Jahren und mit Gewicht ab 35 kg teilnehmen. Wenn Ihre Familie allen Anforderungen gerecht wird, k\u00f6nnen Sie unsere Stadtf\u00fchrungen buchen. Wenn nicht, kontaktieren Sie uns und wir helfen Ihnen eine passende Variante zu finden.<br \/>\n[\/vc_toggle][\/vc_column][\/vc_row][vc_row full_width=&#8220;stretch_row_content_no_spaces&#8220;][vc_column]\n\t<section class=\"cf block ts_slider\" data-id=\"p-1\">\n\t\n\t\t\n\t\t\t\t\n\t\t\t<h4 class=\"block-head block-head-legacy\">\n\t\t\t\t<span class=\"title\">Segway Tours<\/span>\n\t\t\t<\/h4>\n\t\t\n\t\t\t\t\n\t\t\t\t\n\t\t<div class=\"block-content\">\n\t\t\t\n\t<section class=\"common-slider carousel-slider ts-contain\">\n\t<div class=\"wrap\">\n\t\t<div class=\"slides tour-slides tour-slides--5\" data-slider=\"carousel\" data-autoplay=\"1\" data-speed=\"2000\" data-parallax>\n\t\t\n\t\t\t\n                \t\t\n\t\t\t\t<div class=\"item common-slider-tour-item\">\n\n\t\t\t\t\t<a href=\"https:\/\/getsegway.hu\/de\/segway-tours-de\/pest-downtown-budaer-schloss-segway-tour\/\" class=\"image-link media-ratio ratio-1-1\"><img loading=\"lazy\" decoding=\"async\" width=\"370\" height=\"370\" src=\"https:\/\/getsegway.hu\/wp-content\/uploads\/2020\/07\/national-galerie-budapest-768x512.jpg\" class=\"attachment-cheerup-768 size-cheerup-768 wp-post-image\" alt=\"Budapest parlamant on segway tour\" sizes=\"auto, (max-width: 370px) 100vw, 370px\" title=\"Pest Downtown &#038; Budaer Schloss Segway Tour\" srcset=\"https:\/\/getsegway.hu\/wp-content\/uploads\/2020\/07\/national-galerie-budapest-768x512.jpg 768w, https:\/\/getsegway.hu\/wp-content\/uploads\/2020\/07\/national-galerie-budapest-1024x683.jpg 1024w, https:\/\/getsegway.hu\/wp-content\/uploads\/2020\/07\/national-galerie-budapest-1536x1024.jpg 1536w, https:\/\/getsegway.hu\/wp-content\/uploads\/2020\/07\/national-galerie-budapest-450x300.jpg 450w, https:\/\/getsegway.hu\/wp-content\/uploads\/2020\/07\/national-galerie-budapest-1170x780.jpg 1170w, https:\/\/getsegway.hu\/wp-content\/uploads\/2020\/07\/national-galerie-budapest.jpg 1920w\" \/><\/a>\n                    \t\t\t\t\t\n\t\t\t\t\t<div class=\"overlay cf\">\n\n<!--\t\t\t\t\t\t-->                        <span class=\"category\">Segway Touren<\/span>\n\t\t\t\t\t\t\t\n\t\t\t\t\t\t<h2 class=\"heading\"><a href=\"https:\/\/getsegway.hu\/de\/segway-tours-de\/pest-downtown-budaer-schloss-segway-tour\/\">Pest Downtown &#038; Budaer Schloss Segway Tour<\/a><\/h2>\n\n                        <div class=\"common-slider-tour-meta\"><div class=\"common-slider-tour-meta__item\"><span class=\"common-slider-tour-meta__meta\">Dauer: <\/span><span class=\"common-slider-tour-meta__value\">120 Min<\/span><\/div><div class=\"common-slider-tour-meta__item\"><span class=\"common-slider-tour-meta__meta\">Guide: <\/span><span class=\"common-slider-tour-meta__value\">EN, DE, ES, RU<\/span><\/div><div class=\"common-slider-tour-meta__item\"><span class=\"common-slider-tour-meta__meta\">Preis von: <\/span><span class=\"common-slider-tour-meta__value\">55 \u20ac <\/span><\/div><\/div>\t\t\t\t\t\t\n\t\t\t\t\t<\/div>\n\t\t\t\t\t\n\t\t\t\t<\/div>\n\t\t\t\t\n\t\t\t\n                \t\t\n\t\t\t\t<div class=\"item common-slider-tour-item\">\n\n\t\t\t\t\t<a href=\"https:\/\/getsegway.hu\/de\/segway-tours-de\/segway-tour-durch-pest\/\" class=\"image-link media-ratio ratio-1-1\"><img loading=\"lazy\" decoding=\"async\" width=\"370\" height=\"370\" src=\"https:\/\/getsegway.hu\/wp-content\/uploads\/2020\/07\/budapest-parliament-segways-768x512.jpg\" class=\"attachment-cheerup-768 size-cheerup-768 wp-post-image\" alt=\"\" sizes=\"auto, (max-width: 370px) 100vw, 370px\" title=\"Segway Tour durch Pest\" srcset=\"https:\/\/getsegway.hu\/wp-content\/uploads\/2020\/07\/budapest-parliament-segways-768x512.jpg 768w, https:\/\/getsegway.hu\/wp-content\/uploads\/2020\/07\/budapest-parliament-segways-1024x683.jpg 1024w, https:\/\/getsegway.hu\/wp-content\/uploads\/2020\/07\/budapest-parliament-segways-1536x1024.jpg 1536w, https:\/\/getsegway.hu\/wp-content\/uploads\/2020\/07\/budapest-parliament-segways-450x300.jpg 450w, https:\/\/getsegway.hu\/wp-content\/uploads\/2020\/07\/budapest-parliament-segways-1170x780.jpg 1170w, https:\/\/getsegway.hu\/wp-content\/uploads\/2020\/07\/budapest-parliament-segways.jpg 1920w\"><\/a>\n                    \t\t\t\t\t\n\t\t\t\t\t<div class=\"overlay cf\">\n\n<!--\t\t\t\t\t\t-->                        <span class=\"category\">Segway Touren<\/span>\n\t\t\t\t\t\t\t\n\t\t\t\t\t\t<h2 class=\"heading\"><a href=\"https:\/\/getsegway.hu\/de\/segway-tours-de\/segway-tour-durch-pest\/\">Segway Tour durch Pest<\/a><\/h2>\n\n                        <div class=\"common-slider-tour-meta\"><div class=\"common-slider-tour-meta__item\"><span class=\"common-slider-tour-meta__meta\">Dauer: <\/span><span class=\"common-slider-tour-meta__value\">60 min<\/span><\/div><div class=\"common-slider-tour-meta__item\"><span class=\"common-slider-tour-meta__meta\">Guide: <\/span><span class=\"common-slider-tour-meta__value\">EN, DE, ES, RU<\/span><\/div><div class=\"common-slider-tour-meta__item\"><span class=\"common-slider-tour-meta__meta\">Preis von: <\/span><span class=\"common-slider-tour-meta__value\">35 \u20ac<\/span><\/div><\/div>\t\t\t\t\t\t\n\t\t\t\t\t<\/div>\n\t\t\t\t\t\n\t\t\t\t<\/div>\n\t\t\t\t\n\t\t\t\n                \t\t\n\t\t\t\t<div class=\"item common-slider-tour-item\">\n\n\t\t\t\t\t<a href=\"https:\/\/getsegway.hu\/de\/segway-tours-de\/gellertberg-und-zitadelle-von-budapest-auf-dem-segway\/\" class=\"image-link media-ratio ratio-1-1\"><img loading=\"lazy\" decoding=\"async\" width=\"370\" height=\"370\" src=\"https:\/\/getsegway.hu\/wp-content\/uploads\/2020\/07\/liberty-statue-budapest-768x512.jpg\" class=\"attachment-cheerup-768 size-cheerup-768 wp-post-image\" alt=\"\" sizes=\"auto, (max-width: 370px) 100vw, 370px\" title=\"Gell\u00e9rtberg und Zitadelle von Budapest auf dem Segway\" srcset=\"https:\/\/getsegway.hu\/wp-content\/uploads\/2020\/07\/liberty-statue-budapest-768x512.jpg 768w, https:\/\/getsegway.hu\/wp-content\/uploads\/2020\/07\/liberty-statue-budapest-1024x683.jpg 1024w, https:\/\/getsegway.hu\/wp-content\/uploads\/2020\/07\/liberty-statue-budapest-1536x1024.jpg 1536w, https:\/\/getsegway.hu\/wp-content\/uploads\/2020\/07\/liberty-statue-budapest-450x300.jpg 450w, https:\/\/getsegway.hu\/wp-content\/uploads\/2020\/07\/liberty-statue-budapest-1170x780.jpg 1170w, https:\/\/getsegway.hu\/wp-content\/uploads\/2020\/07\/liberty-statue-budapest.jpg 1920w\"><\/a>\n                    \t\t\t\t\t\n\t\t\t\t\t<div class=\"overlay cf\">\n\n<!--\t\t\t\t\t\t-->                        <span class=\"category\">Segway Touren<\/span>\n\t\t\t\t\t\t\t\n\t\t\t\t\t\t<h2 class=\"heading\"><a href=\"https:\/\/getsegway.hu\/de\/segway-tours-de\/gellertberg-und-zitadelle-von-budapest-auf-dem-segway\/\">Gell\u00e9rtberg und Zitadelle von Budapest auf dem Segway<\/a><\/h2>\n\n                        <div class=\"common-slider-tour-meta\"><div class=\"common-slider-tour-meta__item\"><span class=\"common-slider-tour-meta__meta\">Dauer: <\/span><span class=\"common-slider-tour-meta__value\">90 min<\/span><\/div><div class=\"common-slider-tour-meta__item\"><span class=\"common-slider-tour-meta__meta\">Guide: <\/span><span class=\"common-slider-tour-meta__value\">EN, DE, ES, RU<\/span><\/div><div class=\"common-slider-tour-meta__item\"><span class=\"common-slider-tour-meta__meta\">Preis von: <\/span><span class=\"common-slider-tour-meta__value\">45 \u20ac<\/span><\/div><\/div>\t\t\t\t\t\t\n\t\t\t\t\t<\/div>\n\t\t\t\t\t\n\t\t\t\t<\/div>\n\t\t\t\t\n\t\t\t\n                \t\t\n\t\t\t\t<div class=\"item common-slider-tour-item\">\n\n\t\t\t\t\t<a href=\"https:\/\/getsegway.hu\/de\/segway-tours-de\/segway-tour-zur-margareteninsel\/\" class=\"image-link media-ratio ratio-1-1\"><img loading=\"lazy\" decoding=\"async\" width=\"370\" height=\"370\" src=\"https:\/\/getsegway.hu\/wp-content\/uploads\/2020\/07\/margit-island-segway-768x513.jpg\" class=\"attachment-cheerup-768 size-cheerup-768 wp-post-image\" alt=\"Margit island segway tour\" sizes=\"auto, (max-width: 370px) 100vw, 370px\" title=\"Segway Tour zur Margareteninsel\" srcset=\"https:\/\/getsegway.hu\/wp-content\/uploads\/2020\/07\/margit-island-segway-768x513.jpg 768w, https:\/\/getsegway.hu\/wp-content\/uploads\/2020\/07\/margit-island-segway-1024x684.jpg 1024w, https:\/\/getsegway.hu\/wp-content\/uploads\/2020\/07\/margit-island-segway-1536x1025.jpg 1536w, https:\/\/getsegway.hu\/wp-content\/uploads\/2020\/07\/margit-island-segway-450x300.jpg 450w, https:\/\/getsegway.hu\/wp-content\/uploads\/2020\/07\/margit-island-segway-1170x781.jpg 1170w, https:\/\/getsegway.hu\/wp-content\/uploads\/2020\/07\/margit-island-segway.jpg 1600w\" \/><\/a>\n                    \t\t\t\t\t\n\t\t\t\t\t<div class=\"overlay cf\">\n\n<!--\t\t\t\t\t\t-->                        <span class=\"category\">Segway Touren<\/span>\n\t\t\t\t\t\t\t\n\t\t\t\t\t\t<h2 class=\"heading\"><a href=\"https:\/\/getsegway.hu\/de\/segway-tours-de\/segway-tour-zur-margareteninsel\/\">Segway Tour zur Margareteninsel<\/a><\/h2>\n\n                        <div class=\"common-slider-tour-meta\"><div class=\"common-slider-tour-meta__item\"><span class=\"common-slider-tour-meta__meta\">Dauer: <\/span><span class=\"common-slider-tour-meta__value\">90 min<\/span><\/div><div class=\"common-slider-tour-meta__item\"><span class=\"common-slider-tour-meta__meta\">Guide: <\/span><span class=\"common-slider-tour-meta__value\">EN, DE, ES, RU<\/span><\/div><div class=\"common-slider-tour-meta__item\"><span class=\"common-slider-tour-meta__meta\">Preis von: <\/span><span class=\"common-slider-tour-meta__value\">39 \u20ac<\/span><\/div><\/div>\t\t\t\t\t\t\n\t\t\t\t\t<\/div>\n\t\t\t\t\t\n\t\t\t\t<\/div>\n\t\t\t\t\n\t\t\t\n                \t\t\n\t\t\t\t<div class=\"item common-slider-tour-item\">\n\n\t\t\t\t\t<a href=\"https:\/\/getsegway.hu\/de\/segway-tours-de\/grand-segway-tour-highlights-von-budapest\/\" class=\"image-link media-ratio ratio-1-1\"><img loading=\"lazy\" decoding=\"async\" width=\"370\" height=\"370\" src=\"https:\/\/getsegway.hu\/wp-content\/uploads\/2020\/07\/budapest-sign-segway-768x512.jpg\" class=\"attachment-cheerup-768 size-cheerup-768 wp-post-image\" alt=\"Budapest sign on Monster bikes\" sizes=\"auto, (max-width: 370px) 100vw, 370px\" title=\"Grand Segway Tour &#8211; Highlights von Budapest\" srcset=\"https:\/\/getsegway.hu\/wp-content\/uploads\/2020\/07\/budapest-sign-segway-768x512.jpg 768w, https:\/\/getsegway.hu\/wp-content\/uploads\/2020\/07\/budapest-sign-segway-1024x683.jpg 1024w, https:\/\/getsegway.hu\/wp-content\/uploads\/2020\/07\/budapest-sign-segway-1536x1024.jpg 1536w, https:\/\/getsegway.hu\/wp-content\/uploads\/2020\/07\/budapest-sign-segway-450x300.jpg 450w, https:\/\/getsegway.hu\/wp-content\/uploads\/2020\/07\/budapest-sign-segway-1170x780.jpg 1170w, https:\/\/getsegway.hu\/wp-content\/uploads\/2020\/07\/budapest-sign-segway.jpg 1920w\" \/><\/a>\n                    \t\t\t\t\t\n\t\t\t\t\t<div class=\"overlay cf\">\n\n<!--\t\t\t\t\t\t-->                        <span class=\"category\">Segway Touren<\/span>\n\t\t\t\t\t\t\t\n\t\t\t\t\t\t<h2 class=\"heading\"><a href=\"https:\/\/getsegway.hu\/de\/segway-tours-de\/grand-segway-tour-highlights-von-budapest\/\">Grand Segway Tour &#8211; Highlights von Budapest<\/a><\/h2>\n\n                        <div class=\"common-slider-tour-meta\"><div class=\"common-slider-tour-meta__item\"><span class=\"common-slider-tour-meta__meta\">Dauer: <\/span><span class=\"common-slider-tour-meta__value\">180 min<\/span><\/div><div class=\"common-slider-tour-meta__item\"><span class=\"common-slider-tour-meta__meta\">Guide: <\/span><span class=\"common-slider-tour-meta__value\">EN, DE, ES, RU<\/span><\/div><div class=\"common-slider-tour-meta__item\"><span class=\"common-slider-tour-meta__meta\">Preis von: <\/span><span class=\"common-slider-tour-meta__value\">69 \u20ac<\/span><\/div><\/div>\t\t\t\t\t\t\n\t\t\t\t\t<\/div>\n\t\t\t\t\t\n\t\t\t\t<\/div>\n\t\t\t\t\n\t\t\t\t\t<\/div>\n\t<\/div>\n\t<\/section>\n\t\n\t\t\t<\/div>\n\t\n\t<\/section>\n\n[\/vc_column][\/vc_row]<\/p>\n<\/div>","protected":false},"excerpt":{"rendered":"<p>[vc_row][vc_column][vc_toggle title=&#8220;Wo befindet sich der Treffpunkt und startet die Tour?&#8220; style=&#8220;square_outline&#8220; open=&#8220;true&#8220;]Ihr Guide wartet auf die Gruppe im B\u00fcro GetSegway\u2122 per Adresse: Haris k\u00f6z 4, Budapest 1052. Es liegt 30 m weit von KFC in der V\u00e1ci Stra\u00dfe. [\/vc_toggle][vc_toggle title=&#8220;Ob der Guide meine Sprache spricht?&#8220; style=&#8220;square_outline&#8220; open=&#8220;true&#8220;]Unsere SegwayTouren werden von ortseingesessenen Guiden in folgenden Sprachen<\/p>\n","protected":false},"author":2,"featured_media":0,"parent":0,"menu_order":0,"comment_status":"closed","ping_status":"closed","template":"page-blocks.php","meta":{"_acf_changed":false,"_joinchat":[],"footnotes":""},"class_list":["post-1276","page","type-page","status-publish"],"acf":[],"_links":{"self":[{"href":"https:\/\/getsegway.hu\/de\/wp-json\/wp\/v2\/pages\/1276","targetHints":{"allow":["GET"]}}],"collection":[{"href":"https:\/\/getsegway.hu\/de\/wp-json\/wp\/v2\/pages"}],"about":[{"href":"https:\/\/getsegway.hu\/de\/wp-json\/wp\/v2\/types\/page"}],"author":[{"embeddable":true,"href":"https:\/\/getsegway.hu\/de\/wp-json\/wp\/v2\/users\/2"}],"replies":[{"embeddable":true,"href":"https:\/\/getsegway.hu\/de\/wp-json\/wp\/v2\/comments?post=1276"}],"version-history":[{"count":7,"href":"https:\/\/getsegway.hu\/de\/wp-json\/wp\/v2\/pages\/1276\/revisions"}],"predecessor-version":[{"id":6166,"href":"https:\/\/getsegway.hu\/de\/wp-json\/wp\/v2\/pages\/1276\/revisions\/6166"}],"wp:attachment":[{"href":"https:\/\/getsegway.hu\/de\/wp-json\/wp\/v2\/media?parent=1276"}],"curies":[{"name":"wp","href":"https:\/\/api.w.org\/{rel}","templated":true}]}}