{"id":1271,"date":"2020-07-13T21:33:33","date_gmt":"2020-07-13T19:33:33","guid":{"rendered":"https:\/\/getsegway.hu\/ueber-uns\/"},"modified":"2021-02-05T12:40:31","modified_gmt":"2021-02-05T12:40:31","slug":"ueber-uns","status":"publish","type":"page","link":"https:\/\/getsegway.hu\/de\/ueber-uns\/","title":{"rendered":"\u00dcber uns"},"content":{"rendered":"<div class=\"wpb-content-wrapper\"><p>[vc_row][vc_column width=&#8220;1\/2&#8243;][vc_single_image image=&#8220;43&#8243; img_size=&#8220;full&#8220; style=&#8220;vc_box_outline&#8220; css=&#8220;.vc_custom_1595344671010{margin-bottom: 0px !important;}&#8220;][vc_custom_heading text=&#8220;Unsere Geschichte&#8220; font_container=&#8220;tag:h2|text_align:left|color:%2323aef4&#8243; google_fonts=&#8220;font_family:Roboto%3A100%2C100italic%2C300%2C300italic%2Cregular%2Citalic%2C500%2C500italic%2C700%2C700italic%2C900%2C900italic|font_style:700%20bold%20regular%3A700%3Anormal&#8220; css=&#8220;.vc_custom_1594677024205{margin-top: 15px !important;margin-bottom: 15px !important;}&#8220;][vc_column_text single_style=&#8220;&#8220;]Wir arbeiten im GetSegway\u2122 seit 2010 und bieten Reisenden einfache, schnelle und spannende Art und Weise an, die Hauptstadt Ungarns kennenzulernen. Heutzutage haben uns \u00fcber 100 000 Besucher  Segway Touren durch Budapest organisieren lassen.[\/vc_column_text][\/vc_column][vc_column width=&#8220;1\/2&#8243;][vc_single_image image=&#8220;44&#8243; img_size=&#8220;full&#8220; style=&#8220;vc_box_outline&#8220; css=&#8220;.vc_custom_1595344741483{margin-bottom: 0px !important;}&#8220;][vc_custom_heading text=&#8220;Unsere Mission&#8220; font_container=&#8220;tag:h2|text_align:left|color:%2323aef4&#8243; google_fonts=&#8220;font_family:Roboto%3A100%2C100italic%2C300%2C300italic%2Cregular%2Citalic%2C500%2C500italic%2C700%2C700italic%2C900%2C900italic|font_style:700%20bold%20regular%3A700%3Anormal&#8220; css=&#8220;.vc_custom_1594677170474{margin-top: 15px !important;margin-bottom: 15px !important;}&#8220;][vc_column_text single_style=&#8220;&#8220;]Unsere Mission ist Ihnen zu helfen, fr\u00f6hlich und spannend  Budapest kennenzulernen und dieses abenteuerliches  Experiment f\u00fcr alle zug\u00e4nglich zu machen.  Bei uns erleben Sie was Spannendes &#8211;  langweilige Rundf\u00fchrung ist es jedenfalls nicht.  Unsere treuen Mitarbeiter tun ihr Bestes, damit jede Tour bei jedem unserer G\u00e4ste unausl\u00f6schliche Eindr\u00fccke hinterl\u00e4sst.[\/vc_column_text][\/vc_column][\/vc_row]<\/p>\n<\/div>","protected":false},"excerpt":{"rendered":"<p>[vc_row][vc_column width=&#8220;1\/2&#8243;][vc_single_image image=&#8220;43&#8243; img_size=&#8220;full&#8220; style=&#8220;vc_box_outline&#8220; css=&#8220;.vc_custom_1595344671010{margin-bottom: 0px !important;}&#8220;][vc_custom_heading text=&#8220;Unsere Geschichte&#8220; font_container=&#8220;tag:h2|text_align:left|color:%2323aef4&#8243; google_fonts=&#8220;font_family:Roboto%3A100%2C100italic%2C300%2C300italic%2Cregular%2Citalic%2C500%2C500italic%2C700%2C700italic%2C900%2C900italic|font_style:700%20bold%20regular%3A700%3Anormal&#8220; css=&#8220;.vc_custom_1594677024205{margin-top: 15px !important;margin-bottom: 15px !important;}&#8220;][vc_column_text single_style=&#8220;&#8220;]Wir arbeiten im GetSegway\u2122 seit 2010 und bieten Reisenden einfache, schnelle und spannende Art und Weise an, die Hauptstadt Ungarns kennenzulernen. Heutzutage haben uns \u00fcber 100 000 Besucher Segway Touren durch Budapest organisieren lassen.[\/vc_column_text][\/vc_column][vc_column width=&#8220;1\/2&#8243;][vc_single_image image=&#8220;44&#8243; img_size=&#8220;full&#8220; style=&#8220;vc_box_outline&#8220;<\/p>\n","protected":false},"author":2,"featured_media":0,"parent":0,"menu_order":0,"comment_status":"closed","ping_status":"closed","template":"page-blocks.php","meta":{"_acf_changed":false,"_joinchat":[],"footnotes":""},"class_list":["post-1271","page","type-page","status-publish"],"acf":[],"_links":{"self":[{"href":"https:\/\/getsegway.hu\/de\/wp-json\/wp\/v2\/pages\/1271","targetHints":{"allow":["GET"]}}],"collection":[{"href":"https:\/\/getsegway.hu\/de\/wp-json\/wp\/v2\/pages"}],"about":[{"href":"https:\/\/getsegway.hu\/de\/wp-json\/wp\/v2\/types\/page"}],"author":[{"embeddable":true,"href":"https:\/\/getsegway.hu\/de\/wp-json\/wp\/v2\/users\/2"}],"replies":[{"embeddable":true,"href":"https:\/\/getsegway.hu\/de\/wp-json\/wp\/v2\/comments?post=1271"}],"version-history":[{"count":3,"href":"https:\/\/getsegway.hu\/de\/wp-json\/wp\/v2\/pages\/1271\/revisions"}],"predecessor-version":[{"id":1342,"href":"https:\/\/getsegway.hu\/de\/wp-json\/wp\/v2\/pages\/1271\/revisions\/1342"}],"wp:attachment":[{"href":"https:\/\/getsegway.hu\/de\/wp-json\/wp\/v2\/media?parent=1271"}],"curies":[{"name":"wp","href":"https:\/\/api.w.org\/{rel}","templated":true}]}}